{"id":8288,"date":"2025-10-27T16:48:27","date_gmt":"2025-10-27T15:48:27","guid":{"rendered":"https:\/\/naturbett-einstreu.ch\/?post_type=product&#038;p=8288"},"modified":"2025-11-10T18:23:09","modified_gmt":"2025-11-10T17:23:09","slug":"lit-naturel-litiere-pour-chevaux-secco-70-l-sac","status":"publish","type":"product","link":"https:\/\/naturbett-einstreu.ch\/fr\/produkt\/lit-naturel-litiere-pour-chevaux-secco-70-l-sac\/","title":{"rendered":"Lit naturel\u00ae liti\u00e8re pour chevaux Secco 70 l Sac"},"content":{"rendered":"","protected":false},"excerpt":{"rendered":"<p>Ce produit peut \u00eatre command\u00e9 \u00e0 partir d&rsquo;une quantit\u00e9 minimale de 30 sacs = 1 palette.<\/p>\n","protected":false},"featured_media":8290,"template":"","meta":[],"product_brand":[],"product_cat":[63],"product_tag":[],"class_list":{"0":"post-8288","1":"product","2":"type-product","3":"status-publish","4":"has-post-thumbnail","6":"product_cat-produits-litiere-pour-chevaux-livraison","8":"first","9":"instock","10":"taxable","11":"shipping-taxable","12":"purchasable","13":"product-type-simple"},"aioseo_notices":[],"tiered_pricing_type":"fixed","tiered_pricing_fixed_rules":[],"tiered_pricing_product_settings":{"layout":"default","base_unit_name":{"singular":null,"plural":null},"default_variation":null},"tiered_pricing_minimum_quantity":null,"tiered_pricing_roles_data":[],"tiered_pricing_percentage_rules":[],"tiered_pricing_maximum_quantity":null,"tiered_pricing_quantity_step":null,"_links":{"self":[{"href":"https:\/\/naturbett-einstreu.ch\/fr\/wp-json\/wp\/v2\/product\/8288","targetHints":{"allow":["GET"]}}],"collection":[{"href":"https:\/\/naturbett-einstreu.ch\/fr\/wp-json\/wp\/v2\/product"}],"about":[{"href":"https:\/\/naturbett-einstreu.ch\/fr\/wp-json\/wp\/v2\/types\/product"}],"wp:featuredmedia":[{"embeddable":true,"href":"https:\/\/naturbett-einstreu.ch\/fr\/wp-json\/wp\/v2\/media\/8290"}],"wp:attachment":[{"href":"https:\/\/naturbett-einstreu.ch\/fr\/wp-json\/wp\/v2\/media?parent=8288"}],"wp:term":[{"taxonomy":"product_brand","embeddable":true,"href":"https:\/\/naturbett-einstreu.ch\/fr\/wp-json\/wp\/v2\/product_brand?post=8288"},{"taxonomy":"product_cat","embeddable":true,"href":"https:\/\/naturbett-einstreu.ch\/fr\/wp-json\/wp\/v2\/product_cat?post=8288"},{"taxonomy":"product_tag","embeddable":true,"href":"https:\/\/naturbett-einstreu.ch\/fr\/wp-json\/wp\/v2\/product_tag?post=8288"}],"curies":[{"name":"wp","href":"https:\/\/api.w.org\/{rel}","templated":true}]}}