{"id":4283,"date":"2022-09-08T14:46:58","date_gmt":"2022-09-08T12:46:58","guid":{"rendered":"https:\/\/naturbett-einstreu.ch\/?page_id=4283"},"modified":"2026-03-02T14:03:59","modified_gmt":"2026-03-02T13:03:59","slug":"shop-lit-naturel-collecte","status":"publish","type":"page","link":"https:\/\/naturbett-einstreu.ch\/fr\/shop-lit-naturel-collecte\/","title":{"rendered":"Shop lit naturel collecte"},"content":{"rendered":"\n<section class=\"sh-section sh-section-4b1513a403d6b8332fe8b7c4a3caa605 fw-main-row sh-section-visibility-everywhere\">\n\t\n\t\n\t<div class=\"sh-section-container container\">\n\t\t<div class=\"fw-row\">\n\t\n<div class=\"sh-column sh-column-727a43c66a61c6684cd39d968b88e0dd fw-col-xs-12\" >\n\n\t\n\t<div class=\"sh-column-wrapper\">\n\t\t\n\n\t<div class=\"sh-heading sh-heading-style1\" id=\"heading-833cfdbbfad4daa2fb961488d325db6d\">\n\t\t<h1 class=\"sh-heading-content size-default\">\n\t\t\t<span>Commande collecte<\/span>\t\t<\/h1>\n\t<\/div>\n\n\n<div id=\"text-block-5db0bb9f2327abb1dea7ed848efc5311\" class=\"sh-text-block\">\n\t<p>Les produits souhait\u00e9s sont pr\u00e9-command\u00e9s via ce formulaire de commande. Par la suite, les produits command\u00e9s sont pr\u00eats \u00e0 \u00eatre retir\u00e9s \u00e0 la date convenue. Le lit naturel<sup>\u00ae<\/sup> liti\u00e8re pour chevaux peut \u00eatre retir\u00e9 \u00e0 l'usine de m\u00e9thanisation <a href=\"https:\/\/www.axpo.com\/ch\/en\/business\/biomass-and-wood-energy\/biomass\/biomass-locations\/location-uzwil.html\" target=\"_blank\" rel=\"noopener\">Axpo Biomasse AG, Gruebenstrasse 25, 9244 Niederuzwil<\/a>.<\/p><p>Veuillez tenir compte des heures d'ouverture du point de collecte.<\/p><\/div>\n\t<\/div>\n\n\n\t\t\n\n<\/div>\n<\/div>\n\n<div class=\"fw-row\">\n\t\n<div class=\"sh-column sh-column-8a4e933bc5638a66bea446a5832ce5ce fw-col-xs-12 ps-einstreu-popup-fr\" >\n\n\t\n\t<div class=\"sh-column-wrapper\">\n\t\t\n<div id=\"button-f39ed1c711aad0bb1bf6318549ad0a01\" class=\"sh-button-container  sh-button-style-1\">\n\t<div class=\"sh-element-margin\">\n\t\t<a href=\"#\" target=\"_self\" class=\"sh-button sh-button-medium sh-button-icon-right\">\n\n\t\t\t\t\t\t\t<span class=\"sh-button-icon\">\n\t\t\t\t\t<i class=\"fa fa-gears\"><\/i>\n\t\t\t\t<\/span>\n\t\t\t\n\t\t\t\t\t\t\t<span class=\"sh-button-text\">\n\t\t\t\t\tCalculateur de liti\u00e8re Formulaire\t\t\t\t<\/span>\n\t\t\t\n\t\t\t\n\t\t<\/a>\n\t\t\t<\/div>\n<\/div>\n\t<\/div>\n\n\n\t\t\n\n<\/div>\n<\/div>\n\n<div class=\"fw-row\">\n\t\n<div class=\"sh-column sh-column-d022a9dd7b66e941ce3d97070cbfc962 fw-col-xs-12\" >\n\n\t\n\t<div class=\"sh-column-wrapper\">\n\t\t<div class=\"sh-output-html\">\n\t<div id=\"wcpt-4292\" class=\"wcpt wcpt-4292\" data-wcpt-table-id=\"4292\"\r    data-wcpt-query-string=\"?4292_device=laptop\" \r    data-wcpt-sc-attrs=\"{&quot;orderby&quot;:&quot;skus&quot;,&quot;skus&quot;:&quot;9001512, 9001514,9001165, 9001166, 9001167, 9001168, 9001169, 9001170, 9001483, 9001171, 9001172, 9001173, 9001174&quot;,&quot;laptop_auto_scroll&quot;:&quot;true&quot;,&quot;tablet_auto_scroll&quot;:&quot;true&quot;,&quot;phone_auto_scroll&quot;:&quot;true&quot;,&quot;stock_status&quot;:&quot;instock,onbackorder&quot;}\"\r    data-wcpt-encrypted-query-vars=\"NWdyQlAvWmlEMUY3M3l4OGJKamF4M25NbXhKQm85dGRMSXBheGNMYm84M2tOOUJxajY2VU01Nkh4YjYvZzgrOUVXY245dXNWb2piencxSTlGdGJOQjlVbFRHR3ZPK2tLeG1iTVhMcE1BQndUU2VrNW9SMDNaM3NiandUM1F1WWNGQm9ERUpZeUhCV0JPOEZSUXZvUi9xQTVnV2gwL0NPYnhZUTdBdzBqdmI4bDZxSlBnWWtsMkRhTy9iZUErYTBmaEFSZ0tMd3BxVTRJSTNycmMyTFFmMXRxVEJWT3BtbFJsbjFVWVpFUWxGa1dEZEE1RTFDMFRNVXRKY0E5akc0OGswVXBBbWtab0pWbU16UStGMGxpclFpSHpBOWd5Tk9FMC84OW11elZYYXpzNXZhS2ZHWDk3MEl4aHV5clRLQkRxMk00S3F2cXc5QkJ6RnZ1VVRNQ0lQakRaaHViSERCOEVEenNXU2s3SC9qSGN3TFhZeXV0OTBsUmhKQmhEMEtNK2VTRkhKcGV3eDIxa29JdmRBTFBuUDVCUCs5czBmMnJDZEFKQnFCdkc0eC9zL3NjV0NWWUM2RGgrc2xIQy9YOTNEOTY4OEpVU3BCREFiTFBhYXlCOEZTZ0N1bThDQ3hsL2ZMaUNkRGRNREV6Zm1qV1YxVTNST0I2aVBaeWFSTGxuU3BmcWtNbGhRWFRzN0oyZnpiUmVHVGdtRktVQjhpSHBEQjRYeGhOb0MwPTo6I52BgEthC4VfCXVCeIjhrA==\"\r    data-wcpt-encrypted-user-filters=\"N25ublhvSVE1djFJNXpqS2lJU0t2MWRRS0NFbnVTS2Q1UWtSOXdUamVYQyt5aUhyV21hN1VHbWpKbE4xNCs4bSsrOUw1NURZRTJmYjQyTFVhVHZ6WnRUYVplSDBJcHlUeFlxL0FmUS9HTHJrOUorejZZUXBjQWgyQjFnZXlXek5YNjJBaVI2eU5MYnNRcjJDNnJxc0RRPT06OtzKN9pDK0ycK31p\/0T1aeM=\"><style>@media (max-width:1199px) and (min-width:749px) {#wcpt-4292 .wcpt-device-tablet {display: block;}#wcpt-4292 .wcpt-device-laptop,#wcpt-4292 .wcpt-device-phone {display: none;}}@media (max-width:749px) {#wcpt-4292 .wcpt-device-phone {display: block;}#wcpt-4292 .wcpt-device-tablet,#wcpt-4292 .wcpt-device-laptop {display: none;}}@media(min-width:750px){ #wcpt-4292 .wcpt-heading-row{border-bottom-width:1px;} #wcpt-4292 thead th.wcpt-heading{border-right-width:1px;} #wcpt-4292 .wcpt-cell{padding-top:0px;padding-right:0px;padding-bottom:0px;padding-left:0px;} #wcpt-4292 .wcpt-row{border-bottom-width:1px;} #wcpt-4292 tr.wcpt-even > .wcpt-cell{background-color:rgba(255, 255, 255, 0);} #wcpt-4292 tr.wcpt-odd > .wcpt-cell{background-color:rgba(255, 255, 255, 0);} #wcpt-4292 .wcpt-table-scroll-wrapper-outer{border-bottom-width:1px;border-top-width:1px;border-right-width:1px;border-left-width:1px;}}@media(max-width: 1199px) and (min-width:750px){ #wcpt-4292 tr.wcpt-even > .wcpt-cell{background-color:rgba(255, 255, 255, 0);} #wcpt-4292 tr.wcpt-odd > .wcpt-cell{background-color:rgba(255, 255, 255, 0);}}@media(max-width:749px){ #wcpt-4292 .wcpt-cell{padding-top:20px;padding-bottom:20px;} #wcpt-4292 .wcpt-table .wcpt-heading-row{display:none;}} #wcpt-4292 .wcpt-header.wcpt-navigation{margin-bottom:15px;} @media(max-width:1199){} @media(max-width:749){}<\/style>    <div\r      class=\"wcpt-navigation wcpt-header wcpt-always-show\"\r      style=\"\"><\/div>      <div class=\"wcpt-responsive-navigation\"><\/div>\r      <div class=\"wcpt-nav-modal-tpl\">\t<div class=\"wcpt-nav-modal\" data-wcpt-table-id=\"4292\">\t\t<div class=\"wcpt-nm-content wcpt-noselect\">\t\t\t<div class=\"wcpt-nm-heading wcpt-nm-heading--sticky\">\t\t\t\t<span class=\"wcpt-nm-close\">\t\t\t\t\t<span \r      class=\"wcpt-icon wcpt-icon-x  \"    ><svg xmlns=\"http:\/\/www.w3.org\/2000\/svg\" width=\"24\" height=\"24\" viewBox=\"0 0 24 24\" fill=\"none\" stroke=\"currentColor\" stroke-width=\"2\" stroke-linecap=\"round\" stroke-linejoin=\"round\" class=\"feather feather-x\"><line x1=\"18\" y1=\"6\" x2=\"6\" y2=\"18\"><\/line><line x1=\"6\" y1=\"6\" x2=\"18\" y2=\"18\"><\/line><\/svg><\/span>\t\t\t\t\t<\/svg>\t\t\t\t<\/span>\t\t\t\t<span class=\"wcpt-nm-heading-text wcpt-on-filters-show\">\t\t\t\t\tFiltres\t\t\t\t<\/span>\t\t\t\t<span class=\"wcpt-nm-heading-text wcpt-on-sort-show\">\t\t\t\t\tTrier les r\u00e9sultats\t\t\t\t<\/span>\t\t\t\t<div class=\"wcpt-nm-action\">\t\t\t\t\t<span class=\"wcpt-nm-reset\">\t\t\t\t\t\tRafra\u00eechir\t\t\t\t\t<\/span>\t\t\t\t\t<span class=\"wcpt-nm-apply\">\t\t\t\t\t\tAppliquer\t\t\t\t\t<\/span>\t\t\t\t<\/div>\t\t\t<\/div>\t\t\t<div class=\"wcpt-navigation wcpt-left-sidebar\">\t\t\t\t<div class=\"wcpt-nm-filters\">\t\t\t\t\t<span class=\"wcpt-nm-filters-placeholder\"><\/span>\t\t\t\t<\/div>\t\t\t\t<div class=\"wcpt-nm-sort\">\t\t\t\t\t<span class=\"wcpt-nm-sort-placeholder\"><\/span>\t\t\t\t<\/div>\t\t\t<\/div>\t\t<\/div>\t<\/div><\/div><div class=\"wcpt-no-results  wcpt-device-laptop\" data-wcpt-device=\"laptop\">\tAucun r\u00e9sultat trouv\u00e9<\/div><div class=\"wcpt-table-scroll-wrapper-outer wcpt-device-tablet\"><div class=\"wcpt-table-scroll-wrapper\"><span \r      class=\"wcpt-icon wcpt-icon-loader wcpt-device-view-loading-icon \"    ><svg xmlns=\"http:\/\/www.w3.org\/2000\/svg\" width=\"24\" height=\"24\" viewBox=\"0 0 24 24\" fill=\"none\" stroke=\"currentColor\" stroke-width=\"2\" stroke-linecap=\"round\" stroke-linejoin=\"round\" class=\"feather feather-loader\"><line x1=\"12\" y1=\"2\" x2=\"12\" y2=\"6\"><\/line><line x1=\"12\" y1=\"18\" x2=\"12\" y2=\"22\"><\/line><line x1=\"4.93\" y1=\"4.93\" x2=\"7.76\" y2=\"7.76\"><\/line><line x1=\"16.24\" y1=\"16.24\" x2=\"19.07\" y2=\"19.07\"><\/line><line x1=\"2\" y1=\"12\" x2=\"6\" y2=\"12\"><\/line><line x1=\"18\" y1=\"12\" x2=\"22\" y2=\"12\"><\/line><line x1=\"4.93\" y1=\"19.07\" x2=\"7.76\" y2=\"16.24\"><\/line><line x1=\"16.24\" y1=\"7.76\" x2=\"19.07\" y2=\"4.93\"><\/line><\/svg><\/span><\/div><\/div><div class=\"wcpt-table-scroll-wrapper-outer wcpt-device-phone\"><div class=\"wcpt-table-scroll-wrapper\"><span \r      class=\"wcpt-icon wcpt-icon-loader wcpt-device-view-loading-icon \"    ><svg xmlns=\"http:\/\/www.w3.org\/2000\/svg\" width=\"24\" height=\"24\" viewBox=\"0 0 24 24\" fill=\"none\" stroke=\"currentColor\" stroke-width=\"2\" stroke-linecap=\"round\" stroke-linejoin=\"round\" class=\"feather feather-loader\"><line x1=\"12\" y1=\"2\" x2=\"12\" y2=\"6\"><\/line><line x1=\"12\" y1=\"18\" x2=\"12\" y2=\"22\"><\/line><line x1=\"4.93\" y1=\"4.93\" x2=\"7.76\" y2=\"7.76\"><\/line><line x1=\"16.24\" y1=\"16.24\" x2=\"19.07\" y2=\"19.07\"><\/line><line x1=\"2\" y1=\"12\" x2=\"6\" y2=\"12\"><\/line><line x1=\"18\" y1=\"12\" x2=\"22\" y2=\"12\"><\/line><line x1=\"4.93\" y1=\"19.07\" x2=\"7.76\" y2=\"16.24\"><\/line><line x1=\"16.24\" y1=\"7.76\" x2=\"19.07\" y2=\"4.93\"><\/line><\/svg><\/span><\/div><\/div><\/div><\/div>\n\t<\/div>\n\n\n\t\t\n\n<\/div>\n<\/div>\n\n\t<\/div>\n<\/section>\n\n","protected":false},"excerpt":{"rendered":"<p>Bestellung Naturbett\u00ae Pferdeeinstreu<\/p>\n","protected":false},"author":2,"featured_media":0,"parent":0,"menu_order":0,"comment_status":"closed","ping_status":"closed","template":"","meta":{"footnotes":""},"class_list":["post-4283","page","type-page","status-publish","hentry"],"aioseo_notices":[],"_links":{"self":[{"href":"https:\/\/naturbett-einstreu.ch\/fr\/wp-json\/wp\/v2\/pages\/4283","targetHints":{"allow":["GET"]}}],"collection":[{"href":"https:\/\/naturbett-einstreu.ch\/fr\/wp-json\/wp\/v2\/pages"}],"about":[{"href":"https:\/\/naturbett-einstreu.ch\/fr\/wp-json\/wp\/v2\/types\/page"}],"author":[{"embeddable":true,"href":"https:\/\/naturbett-einstreu.ch\/fr\/wp-json\/wp\/v2\/users\/2"}],"replies":[{"embeddable":true,"href":"https:\/\/naturbett-einstreu.ch\/fr\/wp-json\/wp\/v2\/comments?post=4283"}],"version-history":[{"count":3,"href":"https:\/\/naturbett-einstreu.ch\/fr\/wp-json\/wp\/v2\/pages\/4283\/revisions"}],"predecessor-version":[{"id":8738,"href":"https:\/\/naturbett-einstreu.ch\/fr\/wp-json\/wp\/v2\/pages\/4283\/revisions\/8738"}],"wp:attachment":[{"href":"https:\/\/naturbett-einstreu.ch\/fr\/wp-json\/wp\/v2\/media?parent=4283"}],"curies":[{"name":"wp","href":"https:\/\/api.w.org\/{rel}","templated":true}]}}