{"id":2671,"date":"2020-04-22T17:02:10","date_gmt":"2020-04-22T15:02:10","guid":{"rendered":"https:\/\/naturbett-einstreu.ch\/ueber-uns\/"},"modified":"2026-02-17T16:47:22","modified_gmt":"2026-02-17T15:47:22","slug":"a-propos-de-nous","status":"publish","type":"page","link":"https:\/\/naturbett-einstreu.ch\/fr\/a-propos-de-nous\/","title":{"rendered":"\u00c0 propos de nous"},"content":{"rendered":"<p>\n<section class=\"sh-section sh-section-4b1513a403d6b8332fe8b7c4a3caa605 fw-main-row sh-section-visibility-everywhere\">\n\t\n\t\n\t<div class=\"sh-section-container container\">\n\t\t<div class=\"fw-row\">\n\t\n<div class=\"sh-column sh-column-727a43c66a61c6684cd39d968b88e0dd fw-col-xs-12\" >\n\n\t\n\t<div class=\"sh-column-wrapper\">\n\t\t\n\n\t<div class=\"sh-heading sh-heading-style1\" id=\"heading-833cfdbbfad4daa2fb961488d325db6d\">\n\t\t<h1 class=\"sh-heading-content size-default\">\n\t\t\t<span>Entreprise de fabrication<\/span>\t\t<\/h1>\n\t<\/div>\n\n\n<div id=\"text-block-6adfc43b9a9152023ca2ff26db3f59b5\" class=\"sh-text-block\">\n\t<p>Axpo Biomasse AG est la premi\u00e8re entreprise de fermentation s\u00e8che de d\u00e9chets organiques en Suisse. Avec 15 digesteurs, 5 sites de compostage et ses services mobiles, Axpo traite les d\u00e9chets organiques de plus de 2500 villes, municipalit\u00e9s, entreprises industrielles et commerciales, et les utilise ensuite pour produire de l\u2019\u00e9nergie renouvelable et des engrais naturels riches en nutriments. Les mati\u00e8res premi\u00e8res sont les d\u00e9chets verts des m\u00e9nages et les restes alimentaires des entreprises industrielles et commerciales. Le processus de fermentation et de compostage permet d\u2019obtenir des engrais et des produits de compostage de haute qualit\u00e9.<\/p><\/div>\n\t<\/div>\n\n\n\t\t\n\n<\/div>\n<\/div>\n\n\t<\/div>\n<\/section>\n\n<section class=\"sh-section sh-section-ecf7421f35a4105f72f4b3dceab2673c fw-main-row sh-section-visibility-everywhere\">\n\t\n\t\n\t<div class=\"sh-section-container container\">\n\t\t<div class=\"fw-row\">\n\t\n<div class=\"sh-column sh-column-71bc19eaceb7db638cc722e3da3a36a4 fw-col-xs-12\" >\n\n\t\n\t<div class=\"sh-column-wrapper\">\n\t\t\n\n\t<div class=\"sh-heading sh-heading-style1\" id=\"heading-16fd6235ea92967d8700111e6d09eac3\">\n\t\t<h1 class=\"sh-heading-content size-default\">\n\t\t\t<span>R\u00e9f\u00e9rences<\/span>\t\t<\/h1>\n\t<\/div>\n\n\t<\/div>\n\n\n\t\t\n\n<\/div>\n<\/div>\n\n\t<\/div>\n<\/section>\n\n<section class=\"sh-section sh-section-569820269702f82d69359803e1de9045 fw-main-row ps-section-100 sh-section-visibility-everywhere\">\n\t\n\t\n\t<div class=\"sh-section-container container\">\n\t\t<div class=\"fw-row\">\n\t\n<div class=\"sh-column sh-column-377ba52e33e596c73e12691eb33b703a fw-col-xs-12 fw-col-sm-4 ps-100\" >\n\n\t\n\t<div class=\"sh-column-wrapper\">\n\t\t\n<div id=\"single-image-ef9d854909e97f904a7142f7028ab755\" class=\"sh-single-image  \">\n\t<div class=\"sh-element-margin\">\n\n\t\t\n\t\t\t<div class=\"sh-single-image-container\">\n\t\t\t\t\n\t\t\t\t\t\t\t\t\t\n\t\t\t\t\t\t\t\t\t\t\t\t\t<img decoding=\"async\" class=\"sh-image-url\" src=\"https:\/\/naturbett-einstreu.ch\/wp-content\/uploads\/2026\/02\/260217_Foto-Referenz-IENA_650x400px.jpg\" alt=\"260217_Foto Referenz IENA_650x400px\" \/>\n\t\t\t\t\t\t\t\t\t\t\t\t\t\n\t\t\t\t\t\t\t\t\t\n\t\t\t\t\t\t\t<\/div>\n\n\t\t\n\t<\/div>\n<\/div>\n\t<\/div>\n\n\n\t\t\n\n<\/div>\n\n<div class=\"sh-column sh-column-7b0e056c559821e90326e1d1e6f5ebae fw-col-xs-12 fw-col-sm-8 sh-column-mobile-padding\" >\n\n\t\n\t<div class=\"sh-column-wrapper\">\n\t\t\n<div id=\"text-block-a84c2b5d7798d360b7f6c18a81bcff9c\" class=\"sh-text-block\">\n\t<p><strong>IENA - Institut \u00c9questre National d'Avenches<\/strong><\/p><p>Depuis juillet 2024, nous utilisons lit naturel<sup>\u00ae<\/sup> liti\u00e8re pour chevaux dans les abris de nos dix poneys trotteurs. C'est sur la recommandation de notre ancienne coll\u00e8gue <a href=\"https:\/\/naturbett-einstreu.ch\/fr\/marion-herren-notre-conseillere-de-vente-pour-la-suisse-romande\/\" target=\"_blank\" rel=\"noopener\">Marion<\/a> que nous avons d\u00e9cid\u00e9 de tester ce produit. Son accompagnement s'est av\u00e9r\u00e9 pr\u00e9cieux pour une mise en place r\u00e9ussie. Les poneys ont parfaitement accept\u00e9 cette nouvelle liti\u00e8re sans montrer aucun changement de comportement particulier.<\/p><p>Apr\u00e8s une ann\u00e9e et demie d'utilisation, nous disposons d'un recul solide sur ce produit.<\/p><p>Lit naturel<sup>\u00ae<\/sup> r\u00e9pond parfaitement aux besoins de nos poneys car elle pr\u00e9sente deux qualit\u00e9s essentielles : Les animaux ne la mangent pas et elle est tr\u00e8s peu poussi\u00e9reuse.<\/p><p>Ce qui nous a d\u00e9finitivement convaincus, c'est la r\u00e9duction significative du travail quotidien. Cette liti\u00e8re requiert tr\u00e8s peu d'ajouts compl\u00e9mentaires, ce qui entra\u00eene une baisse importante de nos co\u00fbts. Nous observons \u00e9galement une diminution du volume de fumier \u00e0 g\u00e9rer, une meilleure hygi\u00e8ne \u00e0 l\u2019int\u00e9rieur des abris et un stockage simplifi\u00e9.<\/p><\/div>\n\t<\/div>\n\n\n\t\t\n\n<\/div>\n<\/div>\n\n\t<\/div>\n<\/section>\n\n<section class=\"sh-section sh-section-aa78358edbec88be4442b7fb0a268b19 fw-main-row ps-section-100 sh-section-visibility-everywhere\">\n\t\n\t\n\t<div class=\"sh-section-container container\">\n\t\t<div class=\"fw-row\">\n\t\n<div class=\"sh-column sh-column-5603da66cc8ea649f1f32171bef1c7d0 fw-col-xs-12 fw-col-sm-4 ps-100\" >\n\n\t\n\t<div class=\"sh-column-wrapper\">\n\t\t\n<div id=\"single-image-bbed4284a353b344fc79c84f2e0b0353\" class=\"sh-single-image  \">\n\t<div class=\"sh-element-margin\">\n\n\t\t\n\t\t\t<div class=\"sh-single-image-container\">\n\t\t\t\t\n\t\t\t\t\t\t\t\t\t\n\t\t\t\t\t\t\t\t\t\t\t\t\t<img decoding=\"async\" class=\"sh-image-url\" src=\"https:\/\/naturbett-einstreu.ch\/wp-content\/uploads\/2021\/03\/Foto_Referenz_Ewerling_650x400.jpg\" alt=\"Foto_Referenz_Ewerling_650x400\" \/>\n\t\t\t\t\t\t\t\t\t\t\t\t\t\n\t\t\t\t\t\t\t\t\t\n\t\t\t\t\t\t\t<\/div>\n\n\t\t\n\t<\/div>\n<\/div>\n\t<\/div>\n\n\n\t\t\n\n<\/div>\n\n<div class=\"sh-column sh-column-6a79bb7dfcf3167e9787ce5c872514fd fw-col-xs-12 fw-col-sm-8 sh-column-mobile-padding\" >\n\n\t\n\t<div class=\"sh-column-wrapper\">\n\t\t\n<div id=\"text-block-66617eb9233f574a53c9829007c3ee57\" class=\"sh-text-block\">\n\t<p><strong>Dr. med Vet. Sonja Ewerling, Les Friques<\/strong><\/p><p>Nous sommes une petite \u00e9curie priv\u00e9e avec 3 hongres \u00e0 la recherche de la liti\u00e8re parfaite.<br \/>Nos exigences : un faible volume de stockage, de bonnes propri\u00e9t\u00e9s de r\u00e9tention de l'ammoniac, une liti\u00e8re sans poussi\u00e8re et non consommable. La paille a \u00e9t\u00e9 exclue en raison du volume de stockage \u00e9lev\u00e9, du comportement alimentaire des Franches-Montagnes et de l'absence de propri\u00e9t\u00e9s de r\u00e9tention de l'ammoniac. Les granul\u00e9s de paille \u00e9taient \u00e9galement hors de question en raison du comportement alimentaire de nos hongres.<\/p><p>Puis nous sommes tomb\u00e9s sur Lit naturel\u00ae. L'id\u00e9e d'une liti\u00e8re active par micro-organisme qui d\u00e9compose l'ammoniac et ayant donc un effet positif sur la qualit\u00e9 de l'air et la sant\u00e9 des sabots me plaisait beaucoup. Dans toutes les pensions o\u00f9 mes chevaux \u00e9taient log\u00e9s, la pourriture de la fourchette \u00e9tait un probl\u00e8me constant et ennuyeux. De plus, la liti\u00e8re pour chevaux Lit naturel\u00ae est tr\u00e8s \u00e9conomique, car les endroits humides peuvent \u00eatre simplement d\u00e9plac\u00e9s et s\u00e9ch\u00e9s sur le bord du box.<\/p><p>Cela va-t-il fonctionn\u00e9 ?<br \/>Oui, les sabots et la fourchette sont fermes, propres et sains. Les chevaux aiment se coucher sur la liti\u00e8re, la formation de poussi\u00e8re ainsi que l'odeur d'ammoniac ne sont pas perceptibles et - ce qui \u00e9tait tr\u00e8s important pour nous - la liti\u00e8re n'est pas mang\u00e9e par les chevaux. M\u00eame pendant les mois d'hiver froids et humides, l'humidit\u00e9 peut \u00eatre contr\u00f4l\u00e9e \u00e0 l'aide d'un bois fin disponible s\u00e9par\u00e9ment. Il faut remplacer moins de mat\u00e9riel qu'avec d'autres types de liti\u00e8re, mais le tapis doit \u00eatre compl\u00e8tement a\u00e9r\u00e9 au moins deux fois par semaine pour \u00e9viter le compactage. Pour 4 x 5 m\u00e8tres, comme dans notre cas, cela peut \u00eatre fait avec une simple fourche. Pour les surfaces plus grandes, une machine sera probablement n\u00e9cessaire pour cette t\u00e2che. En outre, la liti\u00e8re n\u00e9cessite peu d'espace de stockage et le volume de fumier est par cons\u00e9quent nettement r\u00e9duit.<\/p><p>Sonja Ewerling : \"En tant que propri\u00e9taire de chevaux et d'un point de vue v\u00e9t\u00e9rinaire, je peux recommander la liti\u00e8re et je continuerai \u00e0 utiliser le produit Lit naturel\u00ae dans mon \u00e9curie\".<\/p><\/div>\n\t<\/div>\n\n\n\t\t\n\n<\/div>\n<\/div>\n\n\t<\/div>\n<\/section>\n\n<section class=\"sh-section sh-section-2037d51de73cb049b3b4031d4151e745 fw-main-row ps-section-100 sh-section-visibility-everywhere\">\n\t\n\t\n\t<div class=\"sh-section-container container\">\n\t\t<div class=\"fw-row\">\n\t\n<div class=\"sh-column sh-column-453ca1311d62691c2426c6a96ebcaaf0 fw-col-xs-12 fw-col-sm-4 ps-100\" >\n\n\t\n\t<div class=\"sh-column-wrapper\">\n\t\t\n<div id=\"single-image-1f7dcffa1191b58f862a1ea2596f6140\" class=\"sh-single-image  \">\n\t<div class=\"sh-element-margin\">\n\n\t\t\n\t\t\t<div class=\"sh-single-image-container\">\n\t\t\t\t\n\t\t\t\t\t\t\t\t\t\n\t\t\t\t\t\t\t\t\t\t\t\t\t<img decoding=\"async\" class=\"sh-image-url\" src=\"https:\/\/naturbett-einstreu.ch\/wp-content\/uploads\/2020\/06\/Referenz_Horsefarm.jpg\" alt=\"Referenz Horsefarm\" \/>\n\t\t\t\t\t\t\t\t\t\t\t\t\t\n\t\t\t\t\t\t\t\t\t\n\t\t\t\t\t\t\t<\/div>\n\n\t\t\n\t<\/div>\n<\/div>\n\t<\/div>\n\n\n\t\t\n\n<\/div>\n\n<div class=\"sh-column sh-column-7642c4c28137c9d1ca9423e1151dc300 fw-col-xs-12 fw-col-sm-8 sh-column-mobile-padding\" >\n\n\t\n\t<div class=\"sh-column-wrapper\">\n\t\t\n<div id=\"text-block-62a394912857d27327a97c8226fca552\" class=\"sh-text-block\">\n\t<p><strong>Horsefarm Schweiz GmbH, Effingen<\/strong><\/p><p>Notre pension est situ\u00e9e dans la vall\u00e9e sup\u00e9rieure du Fricktal (canton d'Argovie) et peut accueillir plus de 40 chevaux. Notre \u00e9tablissement s'est sp\u00e9cialis\u00e9 entre autres dans les soins et la r\u00e9\u00e9ducation des chevaux souffrant de probl\u00e8mes bronchiques et pulmonaires chroniques. La qualit\u00e9 de l'air dans l\u2019\u00e9curie, en particulier dans les boxes, joue en effet un r\u00f4le tr\u00e8s important. Le lit naturel<sup>\u00ae<\/sup> liti\u00e8re pour chevaux\u00a0offre justement une solution optimale.<\/p><p>Le lit naturel<sup>\u00ae<\/sup> liti\u00e8re pour chevaux nous a permis d'obtenir d'excellents r\u00e9sultats chez les chevaux souffrant de toux chronique, d'allergies et d'autres maladies respiratoires. Les animaux allergiques \u00e0 la poussi\u00e8re ne sont toutefois pas les seuls \u00e0 profiter des bienfaits de lit naturel<sup>\u00ae<\/sup>. Depuis que nous utilisons le nouveau produit, nous avons observ\u00e9 que les animaux affichaient de nombreux autres comportements positifs: ils restent couch\u00e9s plus longtemps en moyenne et la qualit\u00e9 de leurs sabots s'est am\u00e9lior\u00e9e. En r\u00e9sum\u00e9, les chevaux se sentent plus \u00e0 l'aise. Gr\u00e2ce \u00e0 des cam\u00e9ras install\u00e9es dans les boxes, nous avons pu constater qu'ils pr\u00e9f\u00e8rent se coucher sur le lit naturel<sup>\u00ae<\/sup> liti\u00e8re pour chevaux lorsque de la paille y est \u00e9galement pr\u00e9sente comme alternative. Ce choix n\u2019est sans doute pas seulement d\u00fb au confort, mais aussi \u00e0 l'absence d'odeur d'ammoniac. Les p\u00e9riodes de repos plus longues permettent de r\u00e9duire consid\u00e9rablement la dur\u00e9e de la convalescence.<\/p><p>Au final, on peut constater que chaque cheval peut tirer des avantages de cette liti\u00e8re. Si le cheval va bien, alors le propri\u00e9taire est content.<\/p><p>Christof Brogli, propri\u00e9taire de Horsefarm Switzerland GmbH: \u00abD'un point de vue op\u00e9rationnel, nous avons pu augmenter notre efficacit\u00e9 de mani\u00e8re significative: le fait d'avoir moins de travail et de consommer moins de fumier sont les deux principaux avantages \u00e9conomiques qui nous ont convaincus, en plus du bien-\u00eatre des chevaux.\u00bb<\/p><\/div>\n\t<\/div>\n\n\n\t\t\n\n<\/div>\n<\/div>\n\n\t<\/div>\n<\/section>\n<\/p>\n","protected":false},"excerpt":{"rendered":"<p>Axpo Biomasse AG est la premi\u00e8re entreprise de fermentation s\u00e8che de d\u00e9chets organiques en Suisse. <\/p>\n","protected":false},"author":2,"featured_media":0,"parent":0,"menu_order":0,"comment_status":"closed","ping_status":"closed","template":"","meta":{"footnotes":""},"class_list":["post-2671","page","type-page","status-publish","hentry"],"aioseo_notices":[],"_links":{"self":[{"href":"https:\/\/naturbett-einstreu.ch\/fr\/wp-json\/wp\/v2\/pages\/2671","targetHints":{"allow":["GET"]}}],"collection":[{"href":"https:\/\/naturbett-einstreu.ch\/fr\/wp-json\/wp\/v2\/pages"}],"about":[{"href":"https:\/\/naturbett-einstreu.ch\/fr\/wp-json\/wp\/v2\/types\/page"}],"author":[{"embeddable":true,"href":"https:\/\/naturbett-einstreu.ch\/fr\/wp-json\/wp\/v2\/users\/2"}],"replies":[{"embeddable":true,"href":"https:\/\/naturbett-einstreu.ch\/fr\/wp-json\/wp\/v2\/comments?post=2671"}],"version-history":[{"count":2,"href":"https:\/\/naturbett-einstreu.ch\/fr\/wp-json\/wp\/v2\/pages\/2671\/revisions"}],"predecessor-version":[{"id":8616,"href":"https:\/\/naturbett-einstreu.ch\/fr\/wp-json\/wp\/v2\/pages\/2671\/revisions\/8616"}],"wp:attachment":[{"href":"https:\/\/naturbett-einstreu.ch\/fr\/wp-json\/wp\/v2\/media?parent=2671"}],"curies":[{"name":"wp","href":"https:\/\/api.w.org\/{rel}","templated":true}]}}