{"id":2647,"date":"2020-04-16T14:18:45","date_gmt":"2020-04-16T12:18:45","guid":{"rendered":"https:\/\/naturbett-einstreu.ch\/herstellung-naturbett-einstreu\/"},"modified":"2025-02-14T11:24:13","modified_gmt":"2025-02-14T10:24:13","slug":"fabrication-lit-naturel","status":"publish","type":"page","link":"https:\/\/naturbett-einstreu.ch\/fr\/fabrication-lit-naturel\/","title":{"rendered":"Fabrication lit naturel liti\u00e8re"},"content":{"rendered":"<p>\n<section class=\"sh-section sh-section-4b1513a403d6b8332fe8b7c4a3caa605 fw-main-row sh-section-visibility-everywhere\">\n\t\n\t\n\t<div class=\"sh-section-container container\">\n\t\t<div class=\"fw-row\">\n\t\n<div class=\"sh-column sh-column-05bef6acdf4a2086fcb0655b8ab0094a fw-col-xs-12\" >\n\n\t\n\t<div class=\"sh-column-wrapper\">\n\t\t\n\n\t<div class=\"sh-heading sh-heading-style1\" id=\"heading-833cfdbbfad4daa2fb961488d325db6d\">\n\t\t<h1 class=\"sh-heading-content size-default\">\n\t\t\t<span>Fabrication<\/span>\t\t<\/h1>\n\t<\/div>\n\n\t<\/div>\n\n\n\t\t\n\n<\/div>\n<\/div>\n\n<div class=\"fw-row\">\n\t\n<div class=\"sh-column sh-column-05bef6acdf4a2086fcb0655b8ab0094a fw-col-xs-12\" >\n\n\t\n\t<div class=\"sh-column-wrapper\">\n\t\t\n<div id=\"text-block-50a051b8bdeeb3c6f8d8047b4d8b5dfc\" class=\"sh-text-block\">\n\t<p class=\"p1\">Les deux mati\u00e8res contenues dans le produit (engrais naturel et fibres de bois fin) se compl\u00e8tent parfaitement car elles pr\u00e9sentent une humidit\u00e9 et une structure diff\u00e9rentes.<\/p><p>La vid\u00e9o suivante montre la production de lit naturel<sup>\u00ae<\/sup> liti\u00e8re pour chevaux.<\/p><\/div>\n\t<\/div>\n\n\n\t\t\n\n<\/div>\n<\/div>\n\n\t<\/div>\n<\/section>\n\n<section class=\"sh-section sh-section-9905eaf45f7ca48c002c1bcd23c60fda fw-main-row sh-section-visibility-everywhere\">\n\t\n\t\n\t<div class=\"sh-section-container container\">\n\t\t<div class=\"fw-row\">\n\t\n<div class=\"sh-column sh-column-1ef41372a474468c6158f83bf5b6de2f fw-col-xs-12 fw-col-sm-9\" >\n\n\t\n\t<div class=\"sh-column-wrapper\">\n\t\t\n<div id=\"video-player-d7a6156f9db44fb07990f74025491709\" class=\"sh-video-player sh-video-player-style1 sh-placement-center ps-video sh-video-player-image-placeholder\">\n\t<div class=\"sh-video-player-container\">\n\t\t<div class=\"sh-video-player-content\">\n\t\t\t<iframe loading=\"lazy\" title=\"Production de lit naturel\u00ae liti\u00e8re pour chevaux\" width=\"500\" height=\"281\" src=\"https:\/\/www.youtube.com\/embed\/9WBQVSlKcJg?feature=oembed\" frameborder=\"0\" allow=\"accelerometer; autoplay; clipboard-write; encrypted-media; gyroscope; picture-in-picture; web-share\" referrerpolicy=\"strict-origin-when-cross-origin\" allowfullscreen><\/iframe>\t\t<\/div>\n\t<\/div>\n\n\t\t\t<div class=\"sh-video-player-image-container\">\n\t\t\t<div class=\"sh-video-player-image\">\n\t\t\t\t<img decoding=\"async\" src=\"\/\/naturbett-einstreu.ch\/wp-content\/uploads\/2024\/12\/Vorschaubild_Produktion_Einstreu_f.jpg\" alt=\"\" \/>\n\t\t\t<\/div>\n\t\t\t<div class=\"sh-video-player-image-play\">\n\t\t\t\t\t\t\t\t\t<i class=\"icon-control-play\"><\/i>\n\t\t\t\t\t\t\t<\/div>\n\t\t<\/div>\n\t<\/div>\n\t<\/div>\n\n\n\t\t\n\n<\/div>\n<\/div>\n\n\t<\/div>\n<\/section>\n\n<section class=\"sh-section sh-section-d4eeb885be59528c398470e345225a77 fw-main-row sh-section-visibility-everywhere\">\n\t\n\t\n\t<div class=\"sh-section-container container\">\n\t\t<div class=\"fw-row\">\n\t\n<div class=\"sh-column sh-column-05bef6acdf4a2086fcb0655b8ab0094a fw-col-xs-12\" >\n\n\t\n\t<div class=\"sh-column-wrapper\">\n\t\t\n\n\t<div class=\"sh-heading sh-heading-style1\" id=\"heading-803ae0164585a6f4c42e116b8be3cdbc\">\n\t\t<h1 class=\"sh-heading-content size-default\">\n\t\t\t<span class=\"p1\">Engrais naturel<\/span>\t\t<\/h1>\n\t<\/div>\n\n\t<\/div>\n\n\n\t\t\n\n<\/div>\n<\/div>\n\n<div class=\"fw-row\">\n\t\n<div class=\"sh-column sh-column-05bef6acdf4a2086fcb0655b8ab0094a fw-col-xs-12\" >\n\n\t\n\t<div class=\"sh-column-wrapper\">\n\t\t\n<div id=\"text-block-753e622c5eae44ce3be7cb605567f433\" class=\"sh-text-block\">\n\t<p>Riche en micro-organismes, la mati\u00e8re biog\u00e8ne est principalement constitu\u00e9e de d\u00e9chets verts et provient des installations de biogaz d\u2019Axpo Biomasse AG. La biomasse est chauff\u00e9e \u00e0 plus de 55\u00b0C pendant 14 jours, puis assainie. Elle ne pr\u00e9sente donc alors aucun germe.<\/p><p>La mati\u00e8re est r\u00e9guli\u00e8rement test\u00e9e et r\u00e9pond aux normes les plus strictes. Elle est notamment certifi\u00e9e pour l\u2019agriculture biologique (FiBL). Avec un pH moyen de 7,5, le produit est donc un engrais naturel de haute qualit\u00e9 riche en nutriments.<\/p><p class=\"p1\"><strong>Propri\u00e9t\u00e9s:<\/strong><\/p><ul><li class=\"p1\">Engrais naturel certifi\u00e9 biologique<\/li><li class=\"p1\">Granulom\u00e9trie: 10 \u2013 25 mm<\/li><li class=\"p1\">100% de d\u00e9chets verts provenant de la r\u00e9gion<\/li><li class=\"p1\">Hygi\u00e9nis\u00e9e<\/li><\/ul><\/div>\n\t<\/div>\n\n\n\t\t\n\n<\/div>\n<\/div>\n\n\t<\/div>\n<\/section>\n\n<section class=\"sh-section sh-section-2a78ff878178df338e22f3b95141ad41 fw-main-row sh-section-visibility-everywhere\">\n\t\n\t\n\t<div class=\"sh-section-container container\">\n\t\t<div class=\"fw-row\">\n\t\n<div class=\"sh-column sh-column-05bef6acdf4a2086fcb0655b8ab0094a fw-col-xs-12\" >\n\n\t\n\t<div class=\"sh-column-wrapper\">\n\t\t\n\n\t<div class=\"sh-heading sh-heading-style1\" id=\"heading-873a2a8aa4bf444fbd3c4fa68cf23b65\">\n\t\t<h1 class=\"sh-heading-content size-default\">\n\t\t\t<span>Fibres de bois fin<\/span>\t\t<\/h1>\n\t<\/div>\n\n\t<\/div>\n\n\n\t\t\n\n<\/div>\n<\/div>\n\n<div class=\"fw-row\">\n\t\n<div class=\"sh-column sh-column-05bef6acdf4a2086fcb0655b8ab0094a fw-col-xs-12\" >\n\n\t\n\t<div class=\"sh-column-wrapper\">\n\t\t\n<div id=\"text-block-cddaf4deffe3b5425544c72fd0441a0d\" class=\"sh-text-block\">\n\t<p>Les fibres de bois fin sont constitu\u00e9es de copeaux soigneusement trait\u00e9s. Le bois provient exclusivement de Suisse. Les copeaux de bois sont s\u00e9ch\u00e9s jusqu\u2019\u00e0 ce qu\u2019ils aient une teneur en eau de 15%; ils sont ensuite pulv\u00e9ris\u00e9s jusqu\u2019\u00e0 une taille de grain d\u2019environ 12 mm. Les fibres de bois emp\u00eachent la formation de plaques et r\u00e9gule l\u2019humidit\u00e9 de l\u2019engrais naturel dans la liti\u00e8re.<\/p><p><strong>Propri\u00e9t\u00e9s:<\/strong><\/p><ul><li>Copeaux de bois broy\u00e9s<\/li><li>Granulom\u00e9trie: 0 \u2013 12 mm<\/li><li>100% de mat\u00e9riaux fins provenant de bois d\u2019\u00e9pic\u00e9a et de sapin<\/li><li>Les mati\u00e8res \u00e9trang\u00e8res sont soigneusement tri\u00e9es et d\u00e9poussi\u00e9r\u00e9es<\/li><\/ul><\/div>\n\t<\/div>\n\n\n\t\t\n\n<\/div>\n<\/div>\n\n\t<\/div>\n<\/section>\n\n<section class=\"sh-section sh-section-14317f50961ad8cf1b14b4f52a867dae fw-main-row sh-section-visibility-everywhere\">\n\t\n\t\n\t<div class=\"sh-section-container container\">\n\t\t<div class=\"fw-row\">\n\t\n<div class=\"sh-column sh-column-05bef6acdf4a2086fcb0655b8ab0094a fw-col-xs-12\" >\n\n\t\n\t<div class=\"sh-column-wrapper\">\n\t\t\n\n\t<div class=\"sh-heading sh-heading-style1\" id=\"heading-b32eea227952930dea7f03c59c3cd0d6\">\n\t\t<h1 class=\"sh-heading-content size-default\">\n\t\t\t<span class=\"p1\">\u00c9tude sur la liti\u00e8re pour chevaux<\/span>\t\t<\/h1>\n\t<\/div>\n\n\t<\/div>\n\n\n\t\t\n\n<\/div>\n<\/div>\n\n<div class=\"fw-row\">\n\t\n<div class=\"sh-column sh-column-05bef6acdf4a2086fcb0655b8ab0094a fw-col-xs-12\" >\n\n\t\n\t<div class=\"sh-column-wrapper\">\n\t\t\n<div id=\"text-block-860b54ca555a7cfa5ecbfd39b114fe6a\" class=\"sh-text-block\">\n\t<p class=\"p1\">Notre lit naturel<sup>\u00ae<\/sup>\u00a0liti\u00e8re pour chevaux a \u00e9t\u00e9 test\u00e9e dans le cadre d\u2019une exp\u00e9rience de terrain et de laboratoire. Cette \u00e9tude est le fruit d\u2019un travail acad\u00e9mique de la Haute \u00e9cole des sciences agronomiques, foresti\u00e8res et alimentaires (HAFL) de Berne. Ce travail a fait l\u2019objet d\u2019une th\u00e8se de baccalaur\u00e9at de l\u2019Institut des sciences \u00e9quines. Les valeurs statistiques ont ensuite \u00e9t\u00e9 analys\u00e9es et \u00e9valu\u00e9es par le personnel scientifique de l\u2019Institut. Le produit a \u00e9t\u00e9 compar\u00e9 \u00e0 des granul\u00e9s de bois tendre et \u00e0 de la paille conventionnelle dans le cadre d\u2019une \u00e9tude exp\u00e9rimentale de plusieurs semaines men\u00e9e au Centre \u00e9questre national CEN pr\u00e8s de Berne. Six boxes par produit (soit 18 au total) \u2013 ont \u00e9t\u00e9 g\u00e9r\u00e9s de la m\u00eame mani\u00e8re et \u00e9chantillonn\u00e9s r\u00e9guli\u00e8rement pendant cette p\u00e9riode. Les variables suivantes ont \u00e9t\u00e9 collect\u00e9es:<\/p><\/div>\n\t<\/div>\n\n\n\t\t\n\n<\/div>\n<\/div>\n\n<div class=\"fw-row\">\n\t\n<div class=\"sh-column sh-column-05bef6acdf4a2086fcb0655b8ab0094a fw-col-xs-12\" >\n\n\t\n\t<div class=\"sh-column-wrapper\">\n\t\t\n<div class=\"sh-table-element sh-table-element-style1 fw-table\" id=\"table-8f0d09c748c3efd73cd8b27b1285ab3e\">\n\t<table>\n\t\t\t\t\t\t\t\t\t<thead>\n\t\t\t\t\t<tr class=\"heading-row\">\n\t\t\t\t\t\t\t\t\t\t\t\t\t<th class=\"default-col\">\n\t\t\t\t\t\t\t\tParam\u00e8tres\t\t\t\t\t\t\t<\/th>\n\t\t\t\t\t\t\t\t\t\t\t\t\t<th class=\"default-col\">\n\t\t\t\t\t\t\t\tParticularit\u00e9\t\t\t\t\t\t\t<\/th>\n\t\t\t\t\t\t\t\t\t\t\t<\/tr>\n\t\t\t\t<\/thead>\n\t\t\t\t\t\t\t\t\t\t\t\t<tr class=\"default-row\">\n\t\t\t\t\t\t\t\t\t\t\t<td class=\"default-col\">\n\t\t\t\t\t\t\tExposition \u00e0 la poussi\u00e8re\t\t\t\t\t\t<\/td>\n\t\t\t\t\t\t\t\t\t\t\t<td class=\"default-col\">\n\t\t\t\t\t\t\tPM 2,5 = 9,4 \u00b5g\/m<sup>3<\/sup> et PM 10 = 25,2 \u00b5g\/m<sup>3<\/sup> \r\nen dessous de la limite maximale recommand\u00e9e\t\t\t\t\t\t<\/td>\n\t\t\t\t\t\t\t\t\t<\/tr>\n\t\t\t\t\t\t\t\t\t\t\t\t<tr class=\"default-row\">\n\t\t\t\t\t\t\t\t\t\t\t<td class=\"default-col\">\n\t\t\t\t\t\t\t\u00c9missions d\u2019ammoniac\t\t\t\t\t\t<\/td>\n\t\t\t\t\t\t\t\t\t\t\t<td class=\"default-col\">\n\t\t\t\t\t\t\tPas d\u2019odeur d\u2019ammoniac, NH3 dans la plage n\u00e9gligeable (\u00d8 0,11 ppm)\t\t\t\t\t\t<\/td>\n\t\t\t\t\t\t\t\t\t<\/tr>\n\t\t\t\t\t\t\t\t\t\t\t\t<tr class=\"default-row\">\n\t\t\t\t\t\t\t\t\t\t\t<td class=\"default-col\">\n\t\t\t\t\t\t\tQualit\u00e9 hygi\u00e9nique (contamination par des germes et des champignons)\t\t\t\t\t\t<\/td>\n\t\t\t\t\t\t\t\t\t\t\t<td class=\"default-col\">\n\t\t\t\t\t\t\tLe nombre total de germes, les levures et les moisissures dans l\u2019air et la mati\u00e8re sont class\u00e9s comme inoffensifs.\t\t\t\t\t\t<\/td>\n\t\t\t\t\t\t\t\t\t<\/tr>\n\t\t\t\t\t\t\t\t\t\t\t\t<tr class=\"default-row\">\n\t\t\t\t\t\t\t\t\t\t\t<td class=\"default-col\">\n\t\t\t\t\t\t\tPouvoir absorbant\t\t\t\t\t\t<\/td>\n\t\t\t\t\t\t\t\t\t\t\t<td class=\"default-col\">\n\t\t\t\t\t\t\tLe pouvoir absorbant calcul\u00e9 en point de mesure est de fa\u00e7on marginale plus faible que dans les produits conventionnels; le produit vit toutefois de sa compostabilit\u00e9, l\u2019humidit\u00e9 se d\u00e9gradant au fil du temps sous l\u2019action du processus microbien a\u00e9robie.\t\t\t\t\t\t<\/td>\n\t\t\t\t\t\t\t\t\t<\/tr>\n\t\t\t\t\t\t\t\t\t\t\t\t<tr class=\"default-row\">\n\t\t\t\t\t\t\t\t\t\t\t<td class=\"default-col\">\n\t\t\t\t\t\t\tDur\u00e9e de conservation\t\t\t\t\t\t<\/td>\n\t\t\t\t\t\t\t\t\t\t\t<td class=\"default-col\">\n\t\t\t\t\t\t\tValeurs largement stables observ\u00e9es pendant six semaines de stockage.\t\t\t\t\t\t<\/td>\n\t\t\t\t\t\t\t\t\t<\/tr>\n\t\t\t\t\t\t<\/table>\n<\/div>\n\t<\/div>\n\n\n\t\t\n\n<\/div>\n<\/div>\n\n<div class=\"fw-row\">\n\t\n<div class=\"sh-column sh-column-05bef6acdf4a2086fcb0655b8ab0094a fw-col-xs-12\" >\n\n\t\n\t<div class=\"sh-column-wrapper\">\n\t\t\n<div id=\"text-block-0ec995bd8488ac259b13e2bb2b1d8468\" class=\"sh-text-block\">\n\t<p>L\u2019\u00e9tude est arriv\u00e9e \u00e0 la conclusion que tous les param\u00e8tres \u00e9taient dans le vert. Le produit a \u00e9galement \u00e9t\u00e9 tr\u00e8s bien accept\u00e9 par les chevaux.<\/p><\/div>\n\t<\/div>\n\n\n\t\t\n\n<\/div>\n<\/div>\n\n<div class=\"fw-row\">\n\t\n<div class=\"sh-column sh-column-839df03dabc053a955a8c3c56100b4f4 fw-col-xs-12 fw-col-sm-6\" >\n\n\t\n\t<div class=\"sh-column-wrapper\">\n\t\t\n<div id=\"single-image-d3f730709de5dd7938d208d1c9e6a4a7\" class=\"sh-single-image  \">\n\t<div class=\"sh-element-margin\">\n\n\t\t\n\t\t\t<div class=\"sh-single-image-container\">\n\t\t\t\t\n\t\t\t\t\t\t\t\t\t\t\t\t\t\t\t<a href=\"\/\/naturbett-einstreu.ch\/wp-content\/uploads\/2020\/04\/Pferdeeinstreu_Zusatzstoff.jpg\" rel=\"lightbox\">\n\t\t\t\t\t\n\t\t\t\t\t\t\t\t\t\t\t\t\t<img decoding=\"async\" class=\"sh-image-url\" src=\"https:\/\/naturbett-einstreu.ch\/wp-content\/uploads\/2020\/04\/Pferdeeinstreu_Zusatzstoff-1024x788.jpg\" alt=\"Pferdeeinstreu Zusatzstoff\" \/>\n\t\t\t\t\t\t\t\t\t\t\t\t\t\n\t\t\t\t\t\t\t\t\t\t\t<\/a>\n\t\t\t\t\t\t\t\t\t\n\t\t\t\t\t\t\t<\/div>\n\n\t\t\n\t<\/div>\n<\/div>\n\t<\/div>\n\n\n\t\t\n\n<\/div>\n<\/div>\n\n\t<\/div>\n<\/section>\n<\/p>\n","protected":false},"excerpt":{"rendered":"<p>Les deux mati\u00e8res contenues dans le produit (engrais naturel et fibres de bois fin) se compl\u00e8tent parfaitement car elles pr\u00e9sentent une humidit\u00e9 et une structure diff\u00e9rente. Un autre produit naturel et bio-adapt\u00e9 aide \u00e9galement \u00e0 l\u2019action de la liti\u00e8re.<\/p>\n","protected":false},"author":2,"featured_media":0,"parent":0,"menu_order":0,"comment_status":"closed","ping_status":"closed","template":"","meta":{"footnotes":""},"class_list":["post-2647","page","type-page","status-publish","hentry"],"aioseo_notices":[],"_links":{"self":[{"href":"https:\/\/naturbett-einstreu.ch\/fr\/wp-json\/wp\/v2\/pages\/2647","targetHints":{"allow":["GET"]}}],"collection":[{"href":"https:\/\/naturbett-einstreu.ch\/fr\/wp-json\/wp\/v2\/pages"}],"about":[{"href":"https:\/\/naturbett-einstreu.ch\/fr\/wp-json\/wp\/v2\/types\/page"}],"author":[{"embeddable":true,"href":"https:\/\/naturbett-einstreu.ch\/fr\/wp-json\/wp\/v2\/users\/2"}],"replies":[{"embeddable":true,"href":"https:\/\/naturbett-einstreu.ch\/fr\/wp-json\/wp\/v2\/comments?post=2647"}],"version-history":[{"count":0,"href":"https:\/\/naturbett-einstreu.ch\/fr\/wp-json\/wp\/v2\/pages\/2647\/revisions"}],"wp:attachment":[{"href":"https:\/\/naturbett-einstreu.ch\/fr\/wp-json\/wp\/v2\/media?parent=2647"}],"curies":[{"name":"wp","href":"https:\/\/api.w.org\/{rel}","templated":true}]}}