{"id":2642,"date":"2020-04-06T15:07:34","date_gmt":"2020-04-06T13:07:34","guid":{"rendered":"https:\/\/naturbett-einstreu.ch\/datenschutz\/"},"modified":"2024-01-17T13:57:46","modified_gmt":"2024-01-17T12:57:46","slug":"datenschutz","status":"publish","type":"page","link":"https:\/\/naturbett-einstreu.ch\/fr\/datenschutz\/","title":{"rendered":"Politique de confidentialit\u00e9"},"content":{"rendered":"\n<section class=\"sh-section sh-section-4b1513a403d6b8332fe8b7c4a3caa605 fw-main-row sh-section-visibility-everywhere sh-animated fadeIn\" data-wow-duration=\"2s\" >\n\t\n\t\n\t<div class=\"sh-section-container container\">\n\t\t<div class=\"fw-row\">\n\t\n<div class=\"sh-column sh-column-727a43c66a61c6684cd39d968b88e0dd fw-col-xs-12\" >\n\n\t\n\t<div class=\"sh-column-wrapper\">\n\t\t\n\n\t<div class=\"sh-heading sh-heading-style1\" id=\"heading-833cfdbbfad4daa2fb961488d325db6d\">\n\t\t<h1 class=\"sh-heading-content size-default\">\n\t\t\t<span>Politique de confidentialit\u00e9<\/span>\t\t<\/h1>\n\t<\/div>\n\n\n<div id=\"text-block-6adfc43b9a9152023ca2ff26db3f59b5\" class=\"sh-text-block\">\n\t<p>Derni\u00e8re mise \u00e0 jour: 15.01.2024<\/p><p>La politique de confidentialit\u00e9 suivante vous renseigne sur quelles donn\u00e9es \u00e0 caract\u00e8re personnel (donn\u00e9es personnelles) sont trait\u00e9es, comment et \u00e0 quelles fins lorsque vous visitez notre site web, b\u00e9n\u00e9ficiez de l'un de nos services en ligne ou nous contactez d'une autre mani\u00e8re.<\/p><p>Axpo Biomasse AG accorde une grande importance \u00e0 la protection de votre vie priv\u00e9e. Nous traitons vos donn\u00e9es personnelles conform\u00e9ment \u00e0 la l\u00e9gislation applicable en mati\u00e8re de protection des donn\u00e9es.<\/p><p><strong>Aper\u00e7u des th\u00e8mes<\/strong><\/p><p><strong>1. Contact<\/strong><\/p><p>La soci\u00e9t\u00e9 Axpo Biomasse AG, Parkstrasse 23, CH - 5401 Baden (\u00abnous\u00bb) est responsable des traitements de donn\u00e9es conform\u00e9ment \u00e0 la pr\u00e9sente politique de confidentialit\u00e9. Axpo Biomasse SA fait partie du groupe Axpo. Le groupe Axpo se compose de diff\u00e9rentes entreprises dont vous pouvez prendre connaissance dans le rapport financier actuel d'Axpo Holding AG. Lorsque la soci\u00e9t\u00e9 Axpo Holding AG n'est pas elle-m\u00eame responsable du traitement de vos donn\u00e9es et que les termes \"Axpo\", \"nous\" ou \"notre\" sont utilis\u00e9s dans ce qui suit, nous nous r\u00e9f\u00e9rons \u00e0 la soci\u00e9t\u00e9 respective du groupe Axpo qui est responsable du traitement de vos donn\u00e9es.<\/p><p>Si vous avez d'autres questions concernant la pr\u00e9sente politique de confidentialit\u00e9, le traitement de vos donn\u00e9es personnelles et\/ou l'exercice de vos droits dans ce contexte, n'h\u00e9sitez pas \u00e0 nous contacter (<a href=\"mailto:dataprotection@axpo.com\">dataprotection@axpo.com<\/a>).<\/p><p>Notre d\u00e9l\u00e9gu\u00e9 \u00e0 la protection des donn\u00e9es sera heureux de r\u00e9pondre \u00e0 votre demande. Pour des raisons de s\u00e9curit\u00e9, nous pouvons prendre des mesures appropri\u00e9es pour v\u00e9rifier votre identit\u00e9.<\/p><p><strong>2. Traitement des donn\u00e9es personnelles<\/strong><\/p><p>Lorsque vous visitez ce site Internet, diverses donn\u00e9es personnelles vous concernant sont collect\u00e9es, enregistr\u00e9es et exploit\u00e9es. Cela s'applique notamment aux donn\u00e9es personnelles suivantes et s\u2019effectue dans les situations suivantes aux fins \u00e9num\u00e9r\u00e9es ci-dessous:<\/p><p><strong>2.1. Visite de notre site Internet<\/strong><\/p><p><strong><a name=\"cookies\"><\/a>2.1.1. Journaux de donn\u00e9es<\/strong><\/p><p>Lorsque vous visitez notre site Internet, des donn\u00e9es techniques sont collect\u00e9es, \u00e0 savoir votre adresse IP ou celle de votre fournisseur d'acc\u00e8s \u00e0 Internet, la page initiale \u00e0 partir de laquelle vous \u00eates arriv\u00e9 sur notre site, le type de navigateur, le syst\u00e8me d'exploitation et la plateforme, les pages consult\u00e9es sur www.naturbett-einstreu.ch, les temps d\u2019acc\u00e8s et la date (ci-apr\u00e8s d\u00e9sign\u00e9es \u00abdonn\u00e9es de connexion\u00bb). Ces donn\u00e9es sont automatiquement conserv\u00e9es dans des logfiles pendant une p\u00e9riode de 6\u00a0mois. Nous traitons ces donn\u00e9es de connexion dans le but d'optimiser la fourniture de notre site Internet, notamment pour analyser la mani\u00e8re dont les visiteurs utilisent ce site Internet; elles sont \u00e9galement exploit\u00e9es \u00e0 des fins statistiques et utilis\u00e9es dans le cadre de mesures internes visant \u00e0 am\u00e9liorer la s\u00e9curit\u00e9 et la qualit\u00e9.<\/p><p><strong>2.1.2. Cookies<\/strong><\/p><p>Ce site Internet utilise \u00e9galement des cookies pour le tra\u00e7age de l'utilisation du site. Il s'agit de petits fichiers qu'un portail web laisse sur votre ordinateur, tablette ou smartphone lorsque vous visitez le site. Cela permet au site Internet de \u00abm\u00e9moriser\u00bb certaines entr\u00e9es et certains param\u00e8tres (par exemple le login, la langue, la taille des caract\u00e8res et d'autres pr\u00e9f\u00e9rences d'affichage) pendant une certaine p\u00e9riode de temps. Vous n'avez ainsi pas besoin de les indiquer \u00e0 nouveau \u00e0 chaque visite ou navigation sur le portail. Sur notre site Internet, nous utilisons des cookies pour analyser l'utilisation de notre site. Il s'agit notamment de m\u00e9moriser votre \u00e9ventuelle participation \u00e0 une enqu\u00eate, l'utilit\u00e9 du contenu (afin que vous ne soyez pas invit\u00e9 \u00e0 y r\u00e9pondre \u00e0 nouveau par une fen\u00eatre pop-up) ou votre d\u00e9cision d'utiliser (ou non) des cookies sur ce portail. Certaines des vid\u00e9os int\u00e9gr\u00e9es \u00e0 nos pages web utilisent \u00e9galement des cookies pour g\u00e9n\u00e9rer des statistiques anonymes sur les pages visit\u00e9es pr\u00e9c\u00e9demment et les vid\u00e9os s\u00e9lectionn\u00e9es.<\/p><p>Les informations collect\u00e9es par les cookies ne sont pas utilis\u00e9es pour vous identifier, et les cookies ne servent pas \u00e0 d'autres fins que celles mentionn\u00e9es ici. L'acceptation des cookies n'est pas absolument n\u00e9cessaire pour utiliser le site Internet, mais elle rend la navigation plus agr\u00e9able. Vous pouvez modifier les param\u00e8tres des cookies \u00e0 tout moment pendant votre visite sur notre site via notre outil de gestion des cookies. Vous pouvez bloquer ou supprimer les cookies dans votre navigateur web. Vous pouvez trouver comment faire ici: <a href=\"http:\/\/www.aboutcookies.org\">www.aboutcookies.org<\/a>. Vous pouvez supprimer tous les cookies stock\u00e9s sur votre ordinateur et configurer la plupart des navigateurs pour emp\u00eacher le stockage de cookies. Toutefois, il se peut que vous deviez alors effectuer certains r\u00e9glages manuellement \u00e0 chaque fois que vous visitez un site et accepter la perturbation de certaines fonctions.<\/p><p><strong>2.1.3. Social plug-ins<\/strong><\/p><p>Ce site web contient des plug-ins sociaux, comme par exemple le bouton \"Share\" de Facebook. Lorsque vous acc\u00e9dez au site web, ces plug-ins transmettent automatiquement vos donn\u00e9es (adresse IP, date et heure de la visite, etc.) au fournisseur respectif d'un tel plug-in (par exemple, le bouton \"Partager\" de Facebook), que vous ayez cliqu\u00e9 sur le bouton ou que vous soyez membre de ce r\u00e9seau social. Ces fournisseurs tiers appliquent leurs propres politiques de confidentialit\u00e9 et nous vous invitons \u00e0 les consulter pour plus d'informations :<\/p><ul><li>Solution: Facebook<br \/>Fournisseur: Facebook Inc.<br \/>Adresse: Facebook Ireland Ltd., 4 Grand Canal Square, Grand Canal Harbour, Dublin 2 IRELAND<br \/>Link: <a href=\"https:\/\/policies.google.com\/privacy\" target=\"_blank\" rel=\"noopener\">Privacy policy<\/a><\/li><li>Solution: LinkedIn<br \/>Fournisseur: LinkedIn Inc.<br \/>Adresse: LinkedIn Ireland Unlimited Company, Legal Dept., Wilton Plaza, Wilton Place, Dublin 2, IRELAND<br \/>Link: <a href=\"https:\/\/www.linkedin.com\/legal\/privacy-policy?trk=uno-reg-guest-home-privacy-policy\" target=\"_blank\" rel=\"noopener\">Privacy policy<\/a><\/li><li>Solution: YouTube<br \/>Fournisseur: YouTube LLC.<br \/>Adresse: Google Ireland Limited, Gordon House, Barrow Street<br \/>Dublin 4, IRELAND<br \/>Link: <a href=\"https:\/\/policies.google.com\/privacy?hl=de&amp;gl=de\" target=\"_blank\" rel=\"noopener\">Privacy policy<\/a><\/li><\/ul><p><strong>2.1.4. Analyse web, suivi et automatisation du marketing<\/strong><\/p><p>Les outils d'analyse Web sont utilis\u00e9s pour l'analyse anonyme des donn\u00e9es des utilisateurs (donn\u00e9es de connexion) afin d'identifier les tendances et d'am\u00e9liorer notre offre en ligne. Par cons\u00e9quent, les donn\u00e9es ne sont pas seulement trait\u00e9es par Axpo Biomasse, mais aussi par les fournisseurs de ces outils pour le compte d'Axpo Biomasse. Les fournisseurs utilisent ces informations pour analyser votre utilisation du site web, pour g\u00e9n\u00e9rer des rapports sur les activit\u00e9s du site web et pour fournir des services suppl\u00e9mentaires en rapport avec le site web et l'utilisation d'Internet. Au moyen d'outils de suivi et d'automatisation du marketing, vos donn\u00e9es de contact, que vous avez fournies de mani\u00e8re proactive via le formulaire de contact pour r\u00e9pondre \u00e0 toute demande de votre part, pour recevoir des bulletins d'information ou des communiqu\u00e9s de presse, pour vous identifier, peuvent \u00eatre transf\u00e9r\u00e9es automatiquement \u00e0 notre base de donn\u00e9es de contact. Les fournisseurs peuvent \u00e9galement transmettre ces informations \u00e0 des tiers dans la mesure o\u00f9 cela est l\u00e9galement prescrit ou lorsque des tiers traitent ces donn\u00e9es pour le compte des fournisseurs. L'adresse IP transmise par votre navigateur n'est pas combin\u00e9e avec d'autres donn\u00e9es des fournisseurs respectifs (voir les conditions ci-dessous).<\/p><p><strong>2.1.5. Liens de sites Internet de tiers<\/strong><\/p><p>Ce site web peut contenir des contenus de tiers ou des liens vers d'autres sites web qui ont \u00e9t\u00e9 mis \u00e0 disposition uniquement pour am\u00e9liorer la convivialit\u00e9 et fournir des informations. Veuillez noter que cette politique de confidentialit\u00e9 ne s'applique pas aux contenus ou sites web de tiers. Les contenus ou sites web de tiers - y compris les sites web de tiers qui sont li\u00e9s au site web de lit naturel ou qui les affichent dans des cadres (affich\u00e9s dans des cadres sur ce site web) - sont en dehors de notre sph\u00e8re d'influence. Nous ne sommes pas responsable de l'exactitude, de l'exhaustivit\u00e9 ou de la l\u00e9galit\u00e9 des contenus et des liens figurant sur ces sites, ni des offres, services ou autres. Vous \u00eates responsable de l'utilisation de ces contenus ou sites web.<\/p><p><strong>2.1.6. Utilisation de services en ligne<\/strong><\/p><p>En vous inscrivant \u00e0 des offres en ligne, en remplissant le formulaire de contact, en commandant des produits ou par d'autres interactions sur notre site Internet, vous nous fournissez des informations vous concernant telles que votre nom, votre adresse, votre adresse e-mail (\u00abdonn\u00e9es relatives au contenu\u00bb). Si vous utilisez l'une de nos offres en ligne, nous traitons vos donn\u00e9es personnelles afin de pouvoir vous fournir ce service et l\u2019ex\u00e9cuter de fa\u00e7on satisfaisante.<\/p><p><strong>2.2. Traitement des donn\u00e9es de contact<\/strong><\/p><p>Lorsque nous \u00e9tablissons et ex\u00e9cutons des relations commerciales avec des clients, nous traitons et stockons des donn\u00e9es personnelles pour l'initiation et l\u2019ex\u00e9cution de contrats, pour la planification, \u00e0 des fins comptables et \u00e0 d'autres fins li\u00e9es au contrat.<\/p><p><strong>3. Bases l\u00e9gales du traitement<\/strong><\/p><p>Selon la finalit\u00e9, nos traitements reposent sur des bases l\u00e9gales diff\u00e9rentes. Nous pouvons notamment traiter des donn\u00e9es personnelles si le traitement:<br \/>(a) est n\u00e9cessaire \u00e0 l'ex\u00e9cution d'un contrat avec vous;<br \/>(b) est n\u00e9cessaire pour la d\u00e9fense d\u2019int\u00e9r\u00eats l\u00e9gitimes;<br \/>(c) est fond\u00e9 sur un consentement effectif qui n'a pas \u00e9t\u00e9 retir\u00e9 (par exemple pour l'utilisation de cookies sur ce site web ou dans le cadre de nos activit\u00e9s de marketing);<br \/>(d) est n\u00e9cessaire pour respecter des obligations l\u00e9gales (par exemple pour r\u00e9pondre \u00e0 une demande de divulgation de donn\u00e9es \u00e9manant d'une autorit\u00e9 comp\u00e9tente).<br \/>Parmi les int\u00e9r\u00eats l\u00e9gitimes, nous comptons par exemple:<br \/>(a) notre service client\u00e8le et l'entretien de nos relations commerciales (par exemple, entretien des contacts, communication avec nos partenaires commerciaux);<br \/>(b) activit\u00e9s publicitaires et marketing;<br \/>(c) la possibilit\u00e9 de mieux conna\u00eetre les utilisateurs de notre site Internet et de nos services en ligne;<br \/>(d) l'am\u00e9lioration et le d\u00e9veloppement de nos produits et services (par exemple, la s\u00e9curit\u00e9 informatique dans le cadre de l'utilisation de notre site Internet; l'am\u00e9lioration de notre offre de services en ligne)<br \/>(d) la gestion intra-groupe impliquant des \u00e9changes de donn\u00e9es avec d'autres entreprises du groupe.<br \/>En r\u00e8gle g\u00e9n\u00e9rale, il n'y a pas d'obligation de nous communiquer des donn\u00e9es \u00e0 caract\u00e8re personnel. Toutefois, nous devons collecter et traiter les donn\u00e9es personnelles n\u00e9cessaires \u00e0 l'\u00e9tablissement et au d\u00e9roulement d'une relation de travail avec vous ou avec une entreprise pour laquelle vous travaillez. En outre, le traitement des donn\u00e9es de connexion et de certaines autres donn\u00e9es techniques lors de l'utilisation du site web est in\u00e9vitable pour le bon fonctionnement du site web. Lorsque vous communiquez avec nous, nous devons au moins traiter les donn\u00e9es \u00e0 caract\u00e8re personnel que vous nous transmettez ou que nous vous transmettons.<\/p><p><strong>4. Vos droits en relation avec le traitement de donn\u00e9es personnelles<\/strong><\/p><p>S\u2019agissant du traitement de vos donn\u00e9es personnelles, vous disposez des droits suivants dans le cadre du droit qui vous est applicable:<\/p><p><strong>Droit \u00e0 l'information:<\/strong><\/p><p>Vous pouvez \u00e0 tout moment consulter la pr\u00e9sente politique de confidentialit\u00e9 \u00e0 partir de n'importe quelle page de notre site web et en prendre copie.<\/p><p><strong>Droit d\u2019acc\u00e8s:<\/strong><\/p><p>Vous avez le droit de demander, \u00e0 tout moment et gratuitement, des informations sur les donn\u00e9es personnelles que nous traitons \u00e0 votre sujet. Vous pouvez \u00e9galement demander une copie des donn\u00e9es personnelles que nous traitons. Dans certains cas, ce droit peut \u00eatre limit\u00e9 ou exclu, notamment en cas de doute sur l'identit\u00e9 ou lorsqu'il est n\u00e9cessaire de prot\u00e9ger d'autres personnes.<\/p><p><strong>Droit de rectification:<\/strong><\/p><p>Vous avez le droit de faire rectifier ou compl\u00e9ter des donn\u00e9es personnelles inexactes ou incompl\u00e8tes.<\/p><p><strong>Droit \u00e0 l\u2019effacement:<\/strong><\/p><p>Vous avez le droit de demander l\u2019effacement de vos donn\u00e9es personnelles si celles-ci ne sont plus n\u00e9cessaires aux fins poursuivies, si vous avez retir\u00e9 votre consentement ou vous \u00eates oppos\u00e9 au traitement ou si les donn\u00e9es personnelles sont trait\u00e9es ill\u00e9galement.<\/p><p><strong>Droit \u00e0 la limitation du traitement:<\/strong><\/p><p>Dans certaines circonstances, vous avez le droit d'exiger que le traitement de vos donn\u00e9es personnelles soit limit\u00e9 (par exemple, lorsque vous contestez l'exactitude de vos donn\u00e9es personnelles).<\/p><p><strong>Droit \u00e0 la portabilit\u00e9 des donn\u00e9es:<\/strong><\/p><p>Vous avez le droit de recevoir de notre part les donn\u00e9es personnelles que vous nous avez fournies, dans un format structur\u00e9, couramment utilis\u00e9 et lisible par machine, \u00e0 condition que le traitement concret des donn\u00e9es soit fond\u00e9 sur votre consentement ou soit n\u00e9cessaire \u00e0 l'ex\u00e9cution du contrat et que le traitement soit effectu\u00e9 \u00e0 l'aide de proc\u00e9d\u00e9s automatis\u00e9s.<\/p><p><strong>Droit de r\u00e9vocation:<\/strong><\/p><p>Vous avez le droit de r\u00e9voquer \u00e0 tout moment votre consentement pr\u00e9alablement accord\u00e9 \u00e0 un traitement sp\u00e9cifique. La r\u00e9vocation n'est valable que pour l'avenir; les activit\u00e9s de traitement du pass\u00e9, qui ont \u00e9t\u00e9 effectu\u00e9es sur la base de votre consentement, ne sont pas affect\u00e9es par votre r\u00e9vocation et restent l\u00e9gales.<\/p><p><strong>Droit d\u2019opposition:<\/strong><\/p><p>Vous avez le droit de vous opposer au traitement \u00e0 tout moment pour des raisons li\u00e9es \u00e0 votre situation particuli\u00e8re. En particulier, un droit d'opposition au traitement existe pour le traitement des donn\u00e9es dans le cadre de la publicit\u00e9 directe (par exemple les bulletins d'information) sans qu'il soit n\u00e9cessaire de donner une raison quelconque.<\/p><p>Pour exercer ces droits, veuillez contacter le d\u00e9l\u00e9gu\u00e9 \u00e0 la protection des donn\u00e9es (<a href=\"mailto:dataprotection@axpo.com\">dataprotection@axpo.com<\/a>).<\/p><p><strong>Droit de recours:<\/strong><\/p><p>Vous \u00eates libre de vous plaindre aupr\u00e8s de l'autorit\u00e9 de contr\u00f4le comp\u00e9tente si vous estimez que vos droits ont \u00e9t\u00e9 viol\u00e9s par un traitement de donn\u00e9es particulier.<\/p><p><strong>5. Communication de vos donn\u00e9es personnelles<\/strong><\/p><p>Nous pouvons communiquer vos donn\u00e9es personnelles, que nous traitons aux fins susmentionn\u00e9es, \u00e0 d'autres soci\u00e9t\u00e9s du groupe Axpo. Une communication a lieu exclusivement pour les besoins de l'administration interne du groupe (par exemple, la comptabilit\u00e9, l'administration centralis\u00e9e des clients, etc.).<\/p><p>Vos donn\u00e9es personnelles ne sont communiqu\u00e9es \u00e0 des tiers ext\u00e9rieurs au groupe Axpo que dans la mesure o\u00f9 cela est n\u00e9cessaire \u00e0 la fourniture de nos services, lorsque ce tiers est un prestataire de services agissant en notre nom et selon nos instructions, notamment pour l'h\u00e9bergement ou la maintenance de nos bases de donn\u00e9es, de nos logiciels et de notre site Internet, ainsi que pour la gestion des relations avec la client\u00e8le et les activit\u00e9s de marketing. En outre, Axpo ne communique vos donn\u00e9es \u00e0 des tiers que si et dans la mesure o\u00f9 cela est n\u00e9cessaire en vertu du droit applicable et \u00e9tay\u00e9 par des ordonnances judiciaires, ou exig\u00e9 par la r\u00e9glementation.<\/p><p><strong>6. Stockage de donn\u00e9es<\/strong><\/p><p>Nous conservons vos donn\u00e9es personnelles conform\u00e9ment aux lois applicables aussi longtemps que n\u00e9cessaire aux fins d\u00e9crites dans la pr\u00e9sente politique de confidentialit\u00e9 ou aussi longtemps que l'exigent les exigences de conservation applicables. Par exemple : nous conservons votre choix (acceptation ou refus) concernant les cookies pendant une p\u00e9riode de 6 mois.<\/p><p><strong>7. S\u00e9curit\u00e9 des donn\u00e9es<\/strong><\/p><p>Nous prenons les mesures techniques et organisationnelles appropri\u00e9es pour assurer la protection de vos donn\u00e9es personnelles. Des personnes ont acc\u00e8s \u00e0 vos donn\u00e9es personnelles seulement si et dans la mesure o\u00f9 cela est n\u00e9cessaire aux fins d\u00e9crites ici et pour l'exercice de l\u2019activit\u00e9 concern\u00e9e (par exemple, les responsables de syst\u00e8mes informatiques). Toutes les personnes sont soumises \u00e0 l'obligation de traiter les donn\u00e9es personnelles de mani\u00e8re confidentielle et exclusivement en conformit\u00e9 avec les r\u00e8gles et dispositions applicables en mati\u00e8re de protection des donn\u00e9es. Les donn\u00e9es nous sont transmises via un r\u00e9seau ouvert, accessible \u00e0 tous et transfrontalier, et sont transmises sans cryptage. Toutefois, Axpo Biomasse AG a pris des mesures de s\u00e9curit\u00e9 pour prot\u00e9ger les donn\u00e9es contre des actions non autoris\u00e9es et pour garantir l'authenticit\u00e9 du site Internet et l'int\u00e9grit\u00e9 des donn\u00e9es. N\u00e9anmoins, le risque z\u00e9ro n'existe pas car en raison des risques inh\u00e9rents \u00e0 l'utilisation d'Internet, la perte des donn\u00e9es transmises, la consultation par des tiers non autoris\u00e9s ne peuvent \u00eatre exclues. Par cons\u00e9quent, vos donn\u00e9es peuvent \u00eatre divulgu\u00e9es ou modifi\u00e9es, y compris dans des pays ne disposant pas d'un niveau de protection des donn\u00e9es ad\u00e9quat.<\/p><p><strong>8. Modifications<\/strong><\/p><p>La pr\u00e9sente politique de confidentialit\u00e9 peut \u00eatre modifi\u00e9e de temps \u00e0 autre pour tenir compte de d\u00e9veloppements juridiques, r\u00e9glementaires, techniques, \u00e9conomiques ou autres, \u00e0 la discr\u00e9tion d'Axpo Biomasse AG et sans pr\u00e9avis. Lorsque nous apportons des modifications importantes, nous vous en informons \u00e0 l'avance par tout moyen appropri\u00e9. La derni\u00e8re version de la politique de confidentialit\u00e9 accessible sous <a href=\"https:\/\/naturbett-einstreu.ch\/fr\/datenschutz\/\">https:\/\/naturbett-einstreu.ch\/fr\/datenschutz\/<\/a> s'applique au moment o\u00f9 vos donn\u00e9es \u00e0 caract\u00e8re personnel sont trait\u00e9es.<\/p><\/div>\n\t<\/div>\n\n\n\t\t\n\n<\/div>\n<\/div>\n\n\t<\/div>\n<\/section>\n\n","protected":false},"excerpt":{"rendered":"<p>Politique de confidentialit\u00e9 Derni\u00e8re mise \u00e0 jour: 15.01.2024La politique de confidentialit\u00e9 suivante vous renseigne sur quelles donn\u00e9es \u00e0 caract\u00e8re personnel&#8230;<\/p>\n","protected":false},"author":2,"featured_media":0,"parent":0,"menu_order":0,"comment_status":"closed","ping_status":"closed","template":"","meta":{"footnotes":""},"class_list":["post-2642","page","type-page","status-publish","hentry"],"aioseo_notices":[],"_links":{"self":[{"href":"https:\/\/naturbett-einstreu.ch\/fr\/wp-json\/wp\/v2\/pages\/2642","targetHints":{"allow":["GET"]}}],"collection":[{"href":"https:\/\/naturbett-einstreu.ch\/fr\/wp-json\/wp\/v2\/pages"}],"about":[{"href":"https:\/\/naturbett-einstreu.ch\/fr\/wp-json\/wp\/v2\/types\/page"}],"author":[{"embeddable":true,"href":"https:\/\/naturbett-einstreu.ch\/fr\/wp-json\/wp\/v2\/users\/2"}],"replies":[{"embeddable":true,"href":"https:\/\/naturbett-einstreu.ch\/fr\/wp-json\/wp\/v2\/comments?post=2642"}],"version-history":[{"count":0,"href":"https:\/\/naturbett-einstreu.ch\/fr\/wp-json\/wp\/v2\/pages\/2642\/revisions"}],"wp:attachment":[{"href":"https:\/\/naturbett-einstreu.ch\/fr\/wp-json\/wp\/v2\/media?parent=2642"}],"curies":[{"name":"wp","href":"https:\/\/api.w.org\/{rel}","templated":true}]}}