{"id":2625,"date":"2020-05-28T11:44:12","date_gmt":"2020-05-28T09:44:12","guid":{"rendered":"https:\/\/naturbett-einstreu.ch\/?page_id=2625"},"modified":"2025-12-19T12:12:19","modified_gmt":"2025-12-19T11:12:19","slug":"application-lit-naturel","status":"publish","type":"page","link":"https:\/\/naturbett-einstreu.ch\/fr\/application-lit-naturel\/","title":{"rendered":"Application lit naturel\u00ae"},"content":{"rendered":"<p>\n<section class=\"sh-section sh-section-4b1513a403d6b8332fe8b7c4a3caa605 fw-main-row sh-section-visibility-everywhere\">\n\t\n\t\n\t<div class=\"sh-section-container container\">\n\t\t<div class=\"fw-row\">\n\t\n<div class=\"sh-column sh-column-727a43c66a61c6684cd39d968b88e0dd fw-col-xs-12\" >\n\n\t\n\t<div class=\"sh-column-wrapper\">\n\t\t\n\n\t<div class=\"sh-heading sh-heading-style1\" id=\"heading-833cfdbbfad4daa2fb961488d325db6d\">\n\t\t<h1 class=\"sh-heading-content size-default\">\n\t\t\t<span>Application<\/span>\t\t<\/h1>\n\t<\/div>\n\n\n<div id=\"text-block-6adfc43b9a9152023ca2ff26db3f59b5\" class=\"sh-text-block\">\n\t<p>Les mati\u00e8res contenues dans la lit naturel<sup>\u00ae<\/sup> liti\u00e8re pour chevaux sont riches en micro-organismes a\u00e9robies actifs, ce qui pr\u00e9sente divers avantages pour l\u2019entretien des boxes et stabulations:<\/p><\/div>\n\n<div id=\"text-block-b85e864f537fbbcaa05eec8404a0820f\" class=\"sh-text-block\">\n\t<ul><li class=\"p1\">Aucune odeur d\u2019ammoniac, l\u2019urine du cheval est neutralis\u00e9e et d\u00e9compos\u00e9e<\/li><li class=\"p1\">Les bact\u00e9ries pathog\u00e8nes et les champignons sont \u00e9limin\u00e9s<\/li><li class=\"p1\">Cr\u00e9ation d\u2019une couche isolante qui invite l\u2019animal \u00e0 se coucher<\/li><\/ul><\/div>\n\n<div id=\"text-block-ca87c1b3d4ffedd6b7b6895986a74abe\" class=\"sh-text-block\">\n\t<p class=\"p1\">Ces avantages permettent de r\u00e9duire les quantit\u00e9s de fumier et ainsi le temps consacr\u00e9 \u00e0 l\u2019entretien des boxes. Une partie du temps gagn\u00e9 peut \u00eatre utilis\u00e9e pour d\u00e9compacter la couche une fois par semaine. Il est tr\u00e8s important d\u2019a\u00e9rer activement afin que la liti\u00e8re garde toute son efficacit\u00e9. En plus des instructions d\u2019utilisation \u00e9num\u00e9r\u00e9es ci-dessous, il est judicieux de faire sa propre exp\u00e9rience et d\u2019adapter ses propres proc\u00e9dures \u00e0 partir du comportement individuel des chevaux.<\/p><\/div>\n\t<\/div>\n\n\n\t\t\n\n<\/div>\n<\/div>\n\n\t<\/div>\n<\/section>\n\n<section class=\"sh-section sh-section-2037d51de73cb049b3b4031d4151e745 fw-main-row ps-section-100 sh-section-visibility-everywhere\">\n\t\n\t\n\t<div class=\"sh-section-container container\">\n\t\t<div class=\"fw-row\">\n\t\n<div class=\"sh-column sh-column-453ca1311d62691c2426c6a96ebcaaf0 fw-col-xs-12 fw-col-sm-4 ps-100\" >\n\n\t\n\t<div class=\"sh-column-wrapper\">\n\t\t\n<div id=\"single-image-1f7dcffa1191b58f862a1ea2596f6140\" class=\"sh-single-image  \">\n\t<div class=\"sh-element-margin\">\n\n\t\t\n\t\t\t<div class=\"sh-single-image-container\">\n\t\t\t\t\n\t\t\t\t\t\t\t\t\t\n\t\t\t\t\t\t\t\t\t\t\t\t\t<img decoding=\"async\" class=\"sh-image-url\" src=\"https:\/\/naturbett-einstreu.ch\/wp-content\/uploads\/2020\/04\/Stallbedingungen-2.jpg\" alt=\"Pferdeeinstreu Stallbedingungen\" \/>\n\t\t\t\t\t\t\t\t\t\t\t\t\t\n\t\t\t\t\t\t\t\t\t\n\t\t\t\t\t\t\t<\/div>\n\n\t\t\n\t<\/div>\n<\/div>\n\t<\/div>\n\n\n\t\t\n\n<\/div>\n\n<div class=\"sh-column sh-column-7642c4c28137c9d1ca9423e1151dc300 fw-col-xs-12 fw-col-sm-8 sh-column-mobile-padding\" >\n\n\t\n\t<div class=\"sh-column-wrapper\">\n\t\t\n\n\t<div class=\"sh-heading sh-heading-style1\" id=\"heading-3d09c0f43e7f44afa327a40520f97b6c\">\n\t\t<h2 class=\"sh-heading-content size-default\">\n\t\t\t<span>Conditions li\u00e9es aux boxes<\/span>\t\t<\/h2>\n\t<\/div>\n\n\n<div id=\"text-block-62a394912857d27327a97c8226fca552\" class=\"sh-text-block\">\n\t<p class=\"p1\">Le produit peut \u00eatre parfaitement appliqu\u00e9 dans les conditions suivantes:<\/p><ul><li class=\"p1\">Structure des boxes bas\u00e9e sur le principe de la liti\u00e8re profonde<\/li><li class=\"p1\">Couche de liti\u00e8re de 20cm garantie sur toute la surface du box<\/li><li class=\"p1\">Circulation d\u2019air garantie<\/li><li class=\"p1\">Eviter l\u2019exposition permanente au rayonnement solaire surtout en \u00e9t\u00e9<\/li><li class=\"p1\">Aucun risque de non-respect de la hauteur du box prescrite par la loi<br \/>(en raison de la hauteur de la liti\u00e8re)<\/li><li class=\"p1\">Alimentation \u00e0 l\u2019aide d\u2019<a href=\"https:\/\/okplast.dk\/produkt\/auge-a-foin-capacite-14-kg\/?lang=fr\">une mangeoire \u00e0 foin<\/a> recommand\u00e9e afin de diminuer le m\u00e9lange du foin avec la liti\u00e8re<\/li><\/ul><\/div>\n\t<\/div>\n\n\n\t\t\n\n<\/div>\n<\/div>\n\n\t<\/div>\n<\/section>\n\n<section class=\"sh-section sh-section-fbc90390bdfbc5d916d1ae895a3e7af8 fw-main-row ps-section-100 sh-section-visibility-everywhere\">\n\t\n\t\n\t<div class=\"sh-section-container container\">\n\t\t<div class=\"fw-row\">\n\t\n<div class=\"sh-column sh-column-de8d5598a6428bfadde53a19b90773e6 fw-col-xs-12 fw-col-sm-4 ps-100\" >\n\n\t\n\t<div class=\"sh-column-wrapper\">\n\t\t\n<div id=\"single-image-9a3c5c236883b4c4e7305800417e26c7\" class=\"sh-single-image  \">\n\t<div class=\"sh-element-margin\">\n\n\t\t\n\t\t\t<div class=\"sh-single-image-container\">\n\t\t\t\t\n\t\t\t\t\t\t\t\t\t\n\t\t\t\t\t\t\t\t\t\t\t\t\t<img decoding=\"async\" class=\"sh-image-url\" src=\"https:\/\/naturbett-einstreu.ch\/wp-content\/uploads\/2020\/04\/Grundstreu.jpg\" alt=\"Anwendung Pferdeeinstreu Grundstreu\" \/>\n\t\t\t\t\t\t\t\t\t\t\t\t\t\n\t\t\t\t\t\t\t\t\t\n\t\t\t\t\t\t\t<\/div>\n\n\t\t\n\t<\/div>\n<\/div>\n\t<\/div>\n\n\n\t\t\n\n<\/div>\n\n<div class=\"sh-column sh-column-e9a053addab965512a513d53a02ed5b2 fw-col-xs-12 fw-col-sm-8 sh-column-mobile-padding\" >\n\n\t\n\t<div class=\"sh-column-wrapper\">\n\t\t\n\n\t<div class=\"sh-heading sh-heading-style1\" id=\"heading-d46360249ab76ebd686383b74229f3b5\">\n\t\t<h2 class=\"sh-heading-content size-default\">\n\t\t\t<span>Liti\u00e8re de base<\/span>\t\t<\/h2>\n\t<\/div>\n\n\n<div id=\"text-block-395576c5cf68414ad4f40ebe7ed90235\" class=\"sh-text-block\">\n\t<p class=\"p1\">Il est recommand\u00e9 d\u2019utiliser comme liti\u00e8re de base une couche d\u2019au moins 20 cm. La mati\u00e8re se tasse d\u2019environ 10 cm dans les premiers jours. La quantit\u00e9 n\u00e9cessaire permettant d\u2019atteindre \u00e0 nouveau 20 cm de hauteur peut \u00eatre alors compl\u00e9t\u00e9e avec de la liti\u00e8re fra\u00eeche au cours des jours suivants.<\/p><\/div>\n<div class=\"sh-output-html\">\n\t<a href=\"#\" class=\"ps-einstreu-button-open-fr\"> Calculateur de liti\u00e8re Formulaire<\/a><\/div>\n\t<\/div>\n\n\n\t\t\n\n<\/div>\n<\/div>\n\n\t<\/div>\n<\/section>\n\n<section class=\"sh-section sh-section-8d7eedac84e99368d01bdd6b6645d6e8 fw-main-row ps-section-100 sh-section-visibility-everywhere\">\n\t\n\t\n\t<div class=\"sh-section-container container\">\n\t\t<div class=\"fw-row\">\n\t\n<div class=\"sh-column sh-column-c4ee5698940d49889d42130e42eec1ba fw-col-xs-12 fw-col-sm-4 ps-100\" >\n\n\t\n\t<div class=\"sh-column-wrapper\">\n\t\t\n<div id=\"single-image-50737833edc5b79d184fbaac94afc46a\" class=\"sh-single-image  \">\n\t<div class=\"sh-element-margin\">\n\n\t\t\n\t\t\t<div class=\"sh-single-image-container\">\n\t\t\t\t\n\t\t\t\t\t\t\t\t\t\n\t\t\t\t\t\t\t\t\t\t\t\t\t<img decoding=\"async\" class=\"sh-image-url\" src=\"https:\/\/naturbett-einstreu.ch\/wp-content\/uploads\/2020\/04\/Nachstreu.jpg\" alt=\"Anwendung Pferdeeinstreu Nachstreu\" \/>\n\t\t\t\t\t\t\t\t\t\t\t\t\t\n\t\t\t\t\t\t\t\t\t\n\t\t\t\t\t\t\t<\/div>\n\n\t\t\n\t<\/div>\n<\/div>\n\t<\/div>\n\n\n\t\t\n\n<\/div>\n\n<div class=\"sh-column sh-column-9f69fc0b189170a6146c04b072348e94 fw-col-xs-12 fw-col-sm-8 sh-column-mobile-padding\" >\n\n\t\n\t<div class=\"sh-column-wrapper\">\n\t\t\n\n\t<div class=\"sh-heading sh-heading-style1\" id=\"heading-9ee8a4b24de68177be79d0535f9b5cc7\">\n\t\t<h2 class=\"sh-heading-content size-default\">\n\t\t\t<span class=\"p1\">Liti\u00e8re de recharge<\/span>\t\t<\/h2>\n\t<\/div>\n\n\n<div id=\"text-block-3f889182bb128f0b8ff4274384cdc1c3\" class=\"sh-text-block\">\n\t<p class=\"p1\">1 cm par semaine approximativement doit \u00eatre ajout\u00e9, ce qui correspond \u00e0 environ 120 litres ou 50 kilogrammes de liti\u00e8re de recharge par cheval et par box. Ces calculs sont bas\u00e9s sur une surface d\u2019environ 12 m<sup>2<\/sup>. Pour d\u00e9terminer vos besoins de recharge individuels, nous vous recommandons d\u2019utiliser notre calculateur de liti\u00e8re.<\/p><\/div>\n<div class=\"sh-output-html\">\n\t<a href=\"#\" class=\"ps-einstreu-button-open-fr\">Calculateur de liti\u00e8re Formulaire<\/a><\/div>\n\t<\/div>\n\n\n\t\t\n\n<\/div>\n<\/div>\n\n\t<\/div>\n<\/section>\n\n<section class=\"sh-section sh-section-f94ff1f83cc72468426785efd25e56a4 fw-main-row sh-section-visibility-everywhere\">\n\t\n\t\n\t<div class=\"sh-section-container container\">\n\t\t<div class=\"fw-row\">\n\t\n<div class=\"sh-column sh-column-cb2a7520ff0eb4f5647196e88ffa134b fw-col-xs-12\" >\n\n\t\n\t<div class=\"sh-column-wrapper\">\n\t\t\n<div id=\"text-block-2b7920436345068377446af6d75d9199\" class=\"sh-text-block\">\n\t<p class=\"p1\">La mati\u00e8re enlev\u00e9e avec les crottins doit \u00eatre g\u00e9n\u00e9ralement remplac\u00e9e. La liti\u00e8re ne doit jamais faire moins de 20 cm de hauteur. Il est recommand\u00e9 de rajouter de la nouvelle liti\u00e8re une fois par semaine, voire toutes les deux semaines (en fonction de la quantit\u00e9 de mati\u00e8re retir\u00e9e). En principe, le box n\u2019est jamais compl\u00e8tement vid\u00e9 de son contenu. Les endroits fortement sollicit\u00e9s peuvent \u00eatre remplac\u00e9s au bout de six \u00e0 douze mois. Si l\u2019ammoniac d\u00e9gage une odeur plus forte, alors une plus grande quantit\u00e9 de liti\u00e8re peut \u00eatre supprim\u00e9e sur deux \u00e0 trois semaines et remplac\u00e9e par de la nouvelle liti\u00e8re.<\/p><\/div>\n\t<\/div>\n\n\n\t\t\n\n<\/div>\n<\/div>\n\n\t<\/div>\n<\/section>\n\n<section class=\"sh-section sh-section-2270887666cf738ad27b94a23254daa8 fw-main-row sh-section-visibility-everywhere\">\n\t\n\t\n\t<div class=\"sh-section-container container\">\n\t\t<div class=\"fw-row\">\n\t\n<div class=\"sh-column sh-column-0a26d029d4fbaf441d12b482be925571 fw-col-xs-12\" >\n\n\t\n\t<div class=\"sh-column-wrapper\">\n\t\t\n\n\t<div class=\"sh-heading sh-heading-style1\" id=\"heading-7d761c2c5e944d42055058bfb9e56f75\">\n\t\t<h1 class=\"sh-heading-content size-default\">\n\t\t\t<span>Entretien<\/span>\t\t<\/h1>\n\t<\/div>\n\n\n<div id=\"text-block-9db149a1aa498ae81cdadd7b4728999f\" class=\"sh-text-block\">\n\t<p>Un entretien assidu et r\u00e9gulier s\u2019av\u00e8re indispensable. La vid\u00e9o suivante montre ci-dessous les \u00e9tapes \u00e0 respecter lors de l'utilisation de lit naturel<sup>\u00ae<\/sup> liti\u00e8re pour chevaux. Ici, il est \u00e9galement judicieux de faire sa propre exp\u00e9rience et de d\u00e9velopper ses propres proc\u00e9dures \u00e0 partir du comportement individuel des chevaux.<\/p><\/div>\n\t<\/div>\n\n\n\t\t\n\n<\/div>\n<\/div>\n\n\t<\/div>\n<\/section>\n\n<section class=\"sh-section sh-section-9905eaf45f7ca48c002c1bcd23c60fda fw-main-row sh-section-visibility-everywhere\">\n\t\n\t\n\t<div class=\"sh-section-container container\">\n\t\t<div class=\"fw-row\">\n\t\n<div class=\"sh-column sh-column-1ef41372a474468c6158f83bf5b6de2f fw-col-xs-12 fw-col-sm-9\" >\n\n\t\n\t<div class=\"sh-column-wrapper\">\n\t\t\n<div id=\"video-player-d7a6156f9db44fb07990f74025491709\" class=\"sh-video-player sh-video-player-style1 sh-placement-center ps-video sh-video-player-image-placeholder\">\n\t<div class=\"sh-video-player-container\">\n\t\t<div class=\"sh-video-player-content\">\n\t\t\t<iframe loading=\"lazy\" title=\"Lit naturel\u00ae liti\u00e8re pour chevaux: Entretien appropri\u00e9\" width=\"500\" height=\"281\" src=\"https:\/\/www.youtube.com\/embed\/K5gXHY3yjps?feature=oembed\" frameborder=\"0\" allow=\"accelerometer; autoplay; clipboard-write; encrypted-media; gyroscope; picture-in-picture; web-share\" referrerpolicy=\"strict-origin-when-cross-origin\" allowfullscreen><\/iframe>\t\t<\/div>\n\t<\/div>\n\n\t\t\t<div class=\"sh-video-player-image-container\">\n\t\t\t<div class=\"sh-video-player-image\">\n\t\t\t\t<img decoding=\"async\" src=\"\/\/naturbett-einstreu.ch\/wp-content\/uploads\/2024\/12\/Vorschaubild_Pflege_Einstreu_f.jpg\" alt=\"\" \/>\n\t\t\t<\/div>\n\t\t\t<div class=\"sh-video-player-image-play\">\n\t\t\t\t\t\t\t\t\t<i class=\"icon-control-play\"><\/i>\n\t\t\t\t\t\t\t<\/div>\n\t\t<\/div>\n\t<\/div>\n\t<\/div>\n\n\n\t\t\n\n<\/div>\n<\/div>\n\n\t<\/div>\n<\/section>\n\n<section class=\"sh-section sh-section-34768546996118ffd6c3aeb9e441b328 fw-main-row ps-section-100 sh-section-visibility-everywhere\">\n\t\n\t\n\t<div class=\"sh-section-container container\">\n\t\t<div class=\"fw-row\">\n\t\n<div class=\"sh-column sh-column-2bb6e8192a4879c4292eb127af0a11de fw-col-xs-12 fw-col-sm-4 ps-100\" >\n\n\t\n\t<div class=\"sh-column-wrapper\">\n\t\t\n<div id=\"single-image-9b887074e0600164d6d4743c9ffff0af\" class=\"sh-single-image  \">\n\t<div class=\"sh-element-margin\">\n\n\t\t\n\t\t\t<div class=\"sh-single-image-container\">\n\t\t\t\t\n\t\t\t\t\t\t\t\t\t\n\t\t\t\t\t\t\t\t\t\t\t\t\t<img decoding=\"async\" class=\"sh-image-url\" src=\"https:\/\/naturbett-einstreu.ch\/wp-content\/uploads\/2020\/04\/Taeglich.jpg\" alt=\"Anwendung Pferdeeinstreu Pflege Taeglich\" \/>\n\t\t\t\t\t\t\t\t\t\t\t\t\t\n\t\t\t\t\t\t\t\t\t\n\t\t\t\t\t\t\t<\/div>\n\n\t\t\n\t<\/div>\n<\/div>\n\t<\/div>\n\n\n\t\t\n\n<\/div>\n\n<div class=\"sh-column sh-column-c528c0ca4bd590bb7e28a01c126b4b2a fw-col-xs-12 fw-col-sm-8 sh-column-mobile-padding\" >\n\n\t\n\t<div class=\"sh-column-wrapper\">\n\t\t\n\n\t<div class=\"sh-heading sh-heading-style1\" id=\"heading-0f086766b8b3d81e549e189f2beaf80b\">\n\t\t<h2 class=\"sh-heading-content size-default\">\n\t\t\t<span>T\u00e2ches quotidiennes<\/span>\t\t<\/h2>\n\t<\/div>\n\n\n<div id=\"text-block-88ab534f0bfe5ab094c9e77a766e6a66\" class=\"sh-text-block\">\n\t<ul><li>Enlever uniquement les crottins<\/li><li>Les endroits humides caus\u00e9s, zones o\u00f9 le cheval urine fr\u00e9quement, sont \u00e9chang\u00e9es avec du mat\u00e9riel sec situ\u00e9 au bord du box. L\u2019humidit\u00e9 peut donc \u00eatre syst\u00e9matiquement \u00e9limin\u00e9e.<\/li><\/ul><\/div>\n\t<\/div>\n\n\n\t\t\n\n<\/div>\n<\/div>\n\n\t<\/div>\n<\/section>\n\n<section class=\"sh-section sh-section-f80c31b87400523067a61f5481d2e6ea fw-main-row ps-section-100 sh-section-visibility-everywhere\">\n\t\n\t\n\t<div class=\"sh-section-container container\">\n\t\t<div class=\"fw-row\">\n\t\n<div class=\"sh-column sh-column-0091435400c374b4fa879d3a1c5e465b fw-col-xs-12 fw-col-sm-4 ps-100\" >\n\n\t\n\t<div class=\"sh-column-wrapper\">\n\t\t\n<div id=\"single-image-e08db84e57fef7b14cbf1eeddd712a8a\" class=\"sh-single-image  \">\n\t<div class=\"sh-element-margin\">\n\n\t\t\n\t\t\t<div class=\"sh-single-image-container\">\n\t\t\t\t\n\t\t\t\t\t\t\t\t\t\n\t\t\t\t\t\t\t\t\t\t\t\t\t<img decoding=\"async\" class=\"sh-image-url\" src=\"https:\/\/naturbett-einstreu.ch\/wp-content\/uploads\/2020\/04\/Pflege_Woechentlich.jpg\" alt=\"Anwendung Pferdeeinstreu Pflege Woechentlich\" \/>\n\t\t\t\t\t\t\t\t\t\t\t\t\t\n\t\t\t\t\t\t\t\t\t\n\t\t\t\t\t\t\t<\/div>\n\n\t\t\n\t<\/div>\n<\/div>\n\t<\/div>\n\n\n\t\t\n\n<\/div>\n\n<div class=\"sh-column sh-column-5b678fc99fa1727ece0a0a2c0fb7e6fa fw-col-xs-12 fw-col-sm-8 sh-column-mobile-padding\" >\n\n\t\n\t<div class=\"sh-column-wrapper\">\n\t\t\n\n\t<div class=\"sh-heading sh-heading-style1\" id=\"heading-7f16a098459517255190f1542f04e7f0\">\n\t\t<h2 class=\"sh-heading-content size-default\">\n\t\t\t<span class=\"p1\">T\u00e2ches hebdomadaires<\/span>\t\t<\/h2>\n\t<\/div>\n\n\n<div id=\"text-block-83567b9460cec487711fbe92b2600960\" class=\"sh-text-block\">\n\t<ol><li>Rajouter de la liti\u00e8re<br \/>La mati\u00e8re enlev\u00e9e avec les crottins doit \u00eatre compl\u00e9t\u00e9e de fa\u00e7on \u00e0 ce qu\u2019il y ait toujours une couche d\u2019au moins 20 cm.<\/li><li>D\u00e9compacter la liti\u00e8re et la r\u00e9partir uniform\u00e9ment<br \/>Il est recommand\u00e9 d\u2019assouplir et de ratisser la mati\u00e8re de fa\u00e7on \u00e0 ce que la surface soit bien a\u00e9r\u00e9e et plate. Ce travail peut \u00eatre effectu\u00e9 avec une fourche ou une fraise rotative.<\/li><\/ol><\/div>\n\t<\/div>\n\n\n\t\t\n\n<\/div>\n<\/div>\n\n\t<\/div>\n<\/section>\n\n<section class=\"sh-section sh-section-5aa1fb00b24139ae337046e6cdee880b fw-main-row ps-section-100 sh-section-visibility-everywhere\">\n\t\n\t\n\t<div class=\"sh-section-container container\">\n\t\t<div class=\"fw-row\">\n\t\n<div class=\"sh-column sh-column-b904dbe3140b2eb649f537285561d001 fw-col-xs-12 fw-col-sm-4 ps-100\" >\n\n\t\n\t<div class=\"sh-column-wrapper\">\n\t\t\n<div id=\"single-image-3ad9386907afdfea05293185ed258d21\" class=\"sh-single-image  \">\n\t<div class=\"sh-element-margin\">\n\n\t\t\n\t\t\t<div class=\"sh-single-image-container\">\n\t\t\t\t\n\t\t\t\t\t\t\t\t\t\n\t\t\t\t\t\t\t\t\t\t\t\t\t<img decoding=\"async\" class=\"sh-image-url\" src=\"https:\/\/naturbett-einstreu.ch\/wp-content\/uploads\/2020\/04\/Flege_im_Winter.jpg\" alt=\"Anwendung Pferdeeinstreu Pflege im Winter\" \/>\n\t\t\t\t\t\t\t\t\t\t\t\t\t\n\t\t\t\t\t\t\t\t\t\n\t\t\t\t\t\t\t<\/div>\n\n\t\t\n\t<\/div>\n<\/div>\n\t<\/div>\n\n\n\t\t\n\n<\/div>\n\n<div class=\"sh-column sh-column-e4540671f3a99686f3f97787cc813059 fw-col-xs-12 fw-col-sm-8 sh-column-mobile-padding\" >\n\n\t\n\t<div class=\"sh-column-wrapper\">\n\t\t\n\n\t<div class=\"sh-heading sh-heading-style1\" id=\"heading-ad97e8f3e42c006c95bb4e27509f5997\">\n\t\t<h2 class=\"sh-heading-content size-default\">\n\t\t\t<span>T\u00e2ches hivernales<\/span>\t\t<\/h2>\n\t<\/div>\n\n\n<div id=\"text-block-c9085c900f10511c15fb3b00fb24b3ba\" class=\"sh-text-block\">\n\t<p class=\"p1\">En cas de haute humidit\u00e9 atmosph\u00e9rique ou de froid glacial, il convient d\u2019ajouter du mat\u00e9riel et d\u00e9compacter plus fr\u00e9quemment de fa\u00e7on \u00e0 ce que le produit ne durcisse pas trop. En hiver il est indispensable de compl\u00e9ter la liti\u00e8re en grande partie avec lit naturel<sup>\u00ae<\/sup> liti\u00e8re pour chevaux secco avec un degr\u00e9 de s\u00e9chage plus \u00e9lev\u00e9 ou, \u00e0 d\u00e9faut, la proportion de fibres de bois contenue dans le m\u00e9lange, de mani\u00e8re \u00e0 ce que l\u2019humidit\u00e9 soit mieux absorb\u00e9e.<\/p><\/div>\n\t<\/div>\n\n\n\t\t\n\n<\/div>\n<\/div>\n\n\t<\/div>\n<\/section>\n\n<section class=\"sh-section sh-section-d0e981f49226fc697d360818f41b35f8 fw-main-row ps-section-100 sh-section-visibility-everywhere\">\n\t\n\t\n\t<div class=\"sh-section-container container\">\n\t\t<div class=\"fw-row\">\n\t\n<div class=\"sh-column sh-column-86e62150052a5789709fe59c087e9ed3 fw-col-xs-12 fw-col-sm-4 ps-100\" >\n\n\t\n\t<div class=\"sh-column-wrapper\">\n\t\t\n<div id=\"single-image-45748b409638263c58d823809b1ee873\" class=\"sh-single-image  \">\n\t<div class=\"sh-element-margin\">\n\n\t\t\n\t\t\t<div class=\"sh-single-image-container\">\n\t\t\t\t\n\t\t\t\t\t\t\t\t\t\n\t\t\t\t\t\t\t\t\t\t\t\t\t<img decoding=\"async\" class=\"sh-image-url\" src=\"https:\/\/naturbett-einstreu.ch\/wp-content\/uploads\/2020\/04\/Pflege_im_Sommer.jpg\" alt=\"Anwendung Pferdeeinstreu Pflege im Sommer\" \/>\n\t\t\t\t\t\t\t\t\t\t\t\t\t\n\t\t\t\t\t\t\t\t\t\n\t\t\t\t\t\t\t<\/div>\n\n\t\t\n\t<\/div>\n<\/div>\n\t<\/div>\n\n\n\t\t\n\n<\/div>\n\n<div class=\"sh-column sh-column-38af3323ed69a1b1ba0e411b23558631 fw-col-xs-12 fw-col-sm-8 sh-column-mobile-padding\" >\n\n\t\n\t<div class=\"sh-column-wrapper\">\n\t\t\n\n\t<div class=\"sh-heading sh-heading-style1\" id=\"heading-13af2741c724679a895f30940795f5fc\">\n\t\t<h2 class=\"sh-heading-content size-default\">\n\t\t\t<span>T\u00e2ches estivales<\/span>\t\t<\/h2>\n\t<\/div>\n\n\n<div id=\"text-block-4231c30ee676ee3bd0fe8f3d895ccb96\" class=\"sh-text-block\">\n\t<p class=\"p1\">Pendant les longues p\u00e9riodes de chaleur et de s\u00e9cheresse, le produit doit \u00eatre humidifi\u00e9 occasionnellement pour qu\u2019il ne se dess\u00e8che pas et que le processus microbien ne soit pas interrompu.<\/p><\/div>\n\t<\/div>\n\n\n\t\t\n\n<\/div>\n<\/div>\n\n\t<\/div>\n<\/section>\n<\/p>\n","protected":false},"excerpt":{"rendered":"<p>Les mati\u00e8res contenues dans la lit naturel\u00ae liti\u00e8re pour chevaux sont riches en micro-organismes a\u00e9robies actifs, ce qui pr\u00e9sente divers avantages pour l\u2019entretien des boxes et stabulations:<\/p>\n","protected":false},"author":2,"featured_media":0,"parent":0,"menu_order":0,"comment_status":"closed","ping_status":"closed","template":"","meta":{"footnotes":""},"class_list":["post-2625","page","type-page","status-publish","hentry"],"aioseo_notices":[],"_links":{"self":[{"href":"https:\/\/naturbett-einstreu.ch\/fr\/wp-json\/wp\/v2\/pages\/2625","targetHints":{"allow":["GET"]}}],"collection":[{"href":"https:\/\/naturbett-einstreu.ch\/fr\/wp-json\/wp\/v2\/pages"}],"about":[{"href":"https:\/\/naturbett-einstreu.ch\/fr\/wp-json\/wp\/v2\/types\/page"}],"author":[{"embeddable":true,"href":"https:\/\/naturbett-einstreu.ch\/fr\/wp-json\/wp\/v2\/users\/2"}],"replies":[{"embeddable":true,"href":"https:\/\/naturbett-einstreu.ch\/fr\/wp-json\/wp\/v2\/comments?post=2625"}],"version-history":[{"count":1,"href":"https:\/\/naturbett-einstreu.ch\/fr\/wp-json\/wp\/v2\/pages\/2625\/revisions"}],"predecessor-version":[{"id":8496,"href":"https:\/\/naturbett-einstreu.ch\/fr\/wp-json\/wp\/v2\/pages\/2625\/revisions\/8496"}],"wp:attachment":[{"href":"https:\/\/naturbett-einstreu.ch\/fr\/wp-json\/wp\/v2\/media?parent=2625"}],"curies":[{"name":"wp","href":"https:\/\/api.w.org\/{rel}","templated":true}]}}